{"id":63647,"date":"2023-02-28T17:55:50","date_gmt":"2023-03-01T01:55:50","guid":{"rendered":"https:\/\/www.powerscreen-wa.com\/industrias\/reciclado\/"},"modified":"2024-10-22T04:51:37","modified_gmt":"2024-10-22T11:51:37","slug":"reciclado","status":"publish","type":"page","link":"https:\/\/www.powerscreen-wa.com\/es\/industrias\/reciclado\/","title":{"rendered":"Reciclado"},"content":{"rendered":"\n\n<div class=\"container\">\n\n    <div class=\"block-header-container\">\n\n                    <h2 class=\"block-header text-center \">Soluciones de reciclaje<\/h2>\n                            <div class=\"written block-text lg:text-lg\">El reciclaje en la construcci\u00f3n es una parte importante del movimiento de construcci\u00f3n ecol\u00f3gica. Los escombros de construcci\u00f3n y demolici\u00f3n constituyen una gran parte del flujo de residuos, y reciclar este material puede ayudar a reducir la cantidad de materiales nuevos que hay que producir.\r\nEl reciclaje tambi\u00e9n ayuda a reducir la cantidad de residuos depositados en vertederos, con el consiguiente menor impacto en el medio ambiente.\r\nAl utilizar materiales que ya existen, los proyectos de construcci\u00f3n pueden reducir su huella de carbono y ahorrar dinero.  <\/div>\n        \n\n    <\/div>\n\n    <div class=\"range-cards \">\n        \n            <div class=\"range-card\">\n                <div class=\"range-card-inner\">\n                    <h3>TRITURADORAS<\/h3>\n                                        <figure class=\"range-image\" style=\"background-image:url(https:\/\/www.powerscreen-wa.com\/wp-content\/uploads\/2023\/10\/Terminator-Mobile-600x510.png)\"><\/figure>\n                <\/div>\n                                    <a href=\"https:\/\/www.powerscreen-wa.com\/es\/categorias\/trituradoras-2\/\" class=\"button-primary button-col-primary\" target=\"\">\n                        <span>Ver la gama<\/span>\n                    <\/a>\n                            <\/div>\n        \n            <div class=\"range-card\">\n                <div class=\"range-card-inner\">\n                    <h3>MANIPULADOR DE MATERIALES<\/h3>\n                                        <figure class=\"range-image\" style=\"background-image:url(https:\/\/www.powerscreen-wa.com\/wp-content\/uploads\/2023\/03\/310-600x510.png)\"><\/figure>\n                <\/div>\n                                    <a href=\"https:\/\/www.powerscreen-wa.com\/es\/categorias\/manipuladores-de-material\/\" class=\"button-primary button-col-primary\" target=\"\">\n                        <span>Ver la gama<\/span>\n                    <\/a>\n                            <\/div>\n        \n            <div class=\"range-card\">\n                <div class=\"range-card-inner\">\n                    <h3>TR\u00d3MEL DE CRIBADO<\/h3>\n                                        <figure class=\"range-image\" style=\"background-image:url(https:\/\/www.powerscreen-wa.com\/wp-content\/uploads\/2023\/10\/product-images_0000s_0000_Phoenix-3300-Pers-LHS-01-600x510.png)\"><\/figure>\n                <\/div>\n                                    <a href=\"https:\/\/www.powerscreen-wa.com\/es\/categorias\/cribas-tromel\/\" class=\"button-primary button-col-primary\" target=\"\">\n                        <span>Ver la gama<\/span>\n                    <\/a>\n                            <\/div>\n        \n            <div class=\"range-card\">\n                <div class=\"range-card-inner\">\n                    <h3>ESTACI\u00d3N DE RECOGIDA<\/h3>\n                                        <figure class=\"range-image\" style=\"background-image:url(https:\/\/www.powerscreen-wa.com\/wp-content\/uploads\/2023\/02\/product-images_0000s_0000_PPS2BAY627-5-1024x576-1-600x510.png)\"><\/figure>\n                <\/div>\n                                    <a href=\"https:\/\/www.powerscreen-wa.com\/es\/categorias\/estaciones-de-picking-2\/\" class=\"button-primary button-col-primary\" target=\"\">\n                        <span>Ver la gama<\/span>\n                    <\/a>\n                            <\/div>\n        \n            <div class=\"range-card\">\n                <div class=\"range-card-inner\">\n                    <h3>AGGRECLAIM<\/h3>\n                                        <figure class=\"range-image\" style=\"background-image:url(https:\/\/www.powerscreen-wa.com\/wp-content\/uploads\/2023\/02\/product-images_0002s_0000_Aggreclaim-angle-2-2-600x510.png)\"><\/figure>\n                <\/div>\n                                    <a href=\"https:\/\/www.powerscreen-wa.com\/es\/powerscreenproduct\/aggreclaim-fs\/\" class=\"button-primary button-col-primary\" target=\"\">\n                        <span>Ver la gama<\/span>\n                    <\/a>\n                            <\/div>\n        \n            <div class=\"range-card\">\n                <div class=\"range-card-inner\">\n                    <h3>TRITURADORAS DE MAND\u00cdBULA<\/h3>\n                                        <figure class=\"range-image\" style=\"background-image:url(https:\/\/www.powerscreen-wa.com\/wp-content\/uploads\/2023\/02\/Premiertrak330-render1-1-600x338.png)\"><\/figure>\n                <\/div>\n                                    <a href=\"https:\/\/www.powerscreen-wa.com\/es\/categorias\/trituradoras-de-mandibulas\/\" class=\"button-primary button-col-primary\" target=\"\">\n                        <span>Ver la gama<\/span>\n                    <\/a>\n                            <\/div>\n        \n            <div class=\"range-card\">\n                <div class=\"range-card-inner\">\n                    <h3>CRIBAS DE REVENTA<\/h3>\n                                        <figure class=\"range-image\" style=\"background-image:url(https:\/\/www.powerscreen-wa.com\/wp-content\/uploads\/2023\/02\/TITAN-2300-PERS-LHS-1-600x338.png)\"><\/figure>\n                <\/div>\n                                    <a href=\"https:\/\/www.powerscreen-wa.com\/es\/categorias\/cribas-de-scalping\/\" class=\"button-primary button-col-primary\" target=\"\">\n                        <span>Ver la gama<\/span>\n                    <\/a>\n                            <\/div>\n        \n            <div class=\"range-card\">\n                <div class=\"range-card-inner\">\n                    <h3>MANIPULADOR DE RESIDUOS<\/h3>\n                                        <figure class=\"range-image\" style=\"background-image:url(https:\/\/www.powerscreen-wa.com\/wp-content\/uploads\/2023\/02\/product-images_0000s_0004_Fuchs-331-600x518.png)\"><\/figure>\n                <\/div>\n                                    <a href=\"https:\/\/www.powerscreen-wa.com\/es\/categorias\/manipuladores-de-chatarra\/\" class=\"button-primary button-col-primary\" target=\"\">\n                        <span>Ver la gama<\/span>\n                    <\/a>\n                            <\/div>\n        \n            <div class=\"range-card\">\n                <div class=\"range-card-inner\">\n                    <h3>TRITURADORAS DE IMPACTO<\/h3>\n                                        <figure class=\"range-image\" style=\"background-image:url(https:\/\/www.powerscreen-wa.com\/wp-content\/uploads\/2023\/02\/Trakpactor-320R-render-1-1-600x338.png)\"><\/figure>\n                <\/div>\n                                    <a href=\"https:\/\/www.powerscreen-wa.com\/es\/categorias\/trituradoras-de-impacto\/\" class=\"button-primary button-col-primary\" target=\"\">\n                        <span>Ver la gama<\/span>\n                    <\/a>\n                            <\/div>\n        \n            <div class=\"range-card\">\n                <div class=\"range-card-inner\">\n                    <h3>TRANSPORTADORES<\/h3>\n                                        <figure class=\"range-image\" style=\"background-image:url(https:\/\/www.powerscreen-wa.com\/wp-content\/uploads\/2023\/02\/CT65-PERS-LHS-600x338.png)\"><\/figure>\n                <\/div>\n                                    <a href=\"https:\/\/www.powerscreen-wa.com\/es\/categorias\/transportadores\/\" class=\"button-primary button-col-primary\" target=\"\">\n                        <span>Ver la gama<\/span>\n                    <\/a>\n                            <\/div>\n        \n            <div class=\"range-card\">\n                <div class=\"range-card-inner\">\n                    <h3>ASTILLADORAS Y TRITURADORAS<\/h3>\n                                        <figure class=\"range-image\" style=\"background-image:url(https:\/\/www.powerscreen-wa.com\/wp-content\/uploads\/2023\/02\/product-images_0059_CBI-5800BT-600x510.png)\"><\/figure>\n                <\/div>\n                                    <a href=\"https:\/\/www.powerscreen-wa.com\/es\/categorias\/amoladoras\/\" class=\"button-primary button-col-primary\" target=\"\">\n                        <span>Ver la gama<\/span>\n                    <\/a>\n                            <\/div>\n            <\/div><\/div>\n\n\n<div style=\"height:50px\" aria-hidden=\"true\" class=\"wp-block-spacer\"><\/div>\n\n\n\n<section id=\"two-col-block_9b0d58d3deeaf200b09ed4449d2bfafb\" class=\"two-col-block py-0 bg-transparent\">\n    \n<div class=\"block-header-container\">\n            <h1 class=\"block-header text-center \">c\u00f3mo podemos ayudarle<\/h1>\n    \n                    <div class=\"written block-text lg:text-lg\">Disponemos de una amplia gama de opciones de equipamiento y servicios de asistencia para ayudar a nuestros clientes a alcanzar sus objetivos de producci\u00f3n de la forma m\u00e1s eficaz y rentable.<\/div>\n    \n    <\/div>\n    <div class=\"two-col-container                                  container\">\n        <div class=\"grid grid-cols-1 mb-5 lg:grid-cols-2 lg:mb-0\" style=\"background-color:                                                                                           transparent;\">\n                    \n    <div class=\"custom-call-to-action-outer \" style=\"\">\n    \n        <div class=\"custom-call-to-action\" >\n                            <h3 class=\"cta-heading\">Equipos usados<\/h3>\n                            <p class=\"cta-text\">Si no desea adquirir una m\u00e1quina nueva, nuestro equipo de expertos en equipos usados dispone de una gama de opciones de maquinaria usada que puede considerar.<\/p>\n            \n\n                        \n\n                                                                                            <a class=\"cta-button\" href=\"https:\/\/www.powerscreen-wa.com\/es\/usado\/\">Ver Stock Usado<\/a>\n                                                             \n\n\n\n        <\/div>\n\n    <\/div>\n        \n    <div class=\"custom-call-to-action-outer has-background-image\" style=\"background-image: url(https:\/\/www.powerscreen-wa.com\/wp-content\/uploads\/2023\/02\/Aftercare-2-600x402.png)\">\n    \n        <div class=\"custom-call-to-action\" >\n                            <h3 class=\"cta-heading\">Piezas y servicio<\/h3>\n                            <p class=\"cta-text\">El tiempo de actividad es fundamental, independientemente del tipo de equipo que utilices.\r\nSomos conscientes de ello y combinamos capacidades de servicio eficaces y piezas originales para que sigas produciendo. <\/p>\n            \n\n                        \n\n                                                                                            <a class=\"cta-button\" href=\"https:\/\/www.powerscreen-wa.com\/es\/cuidado-posterior\/\">M\u00e1s informaci\u00f3n<\/a>\n                                                             \n\n\n\n        <\/div>\n\n    <\/div>\n        <\/div>\n    <\/div>\n<\/section>\n\n\n<div style=\"height:100px\" aria-hidden=\"true\" class=\"wp-block-spacer\"><\/div>\n","protected":false},"excerpt":{"rendered":"","protected":false},"author":6,"featured_media":0,"parent":63496,"menu_order":0,"comment_status":"closed","ping_status":"closed","template":"","meta":{"_acf_changed":false,"footnotes":""},"class_list":["post-63647","page","type-page","status-publish","hentry"],"acf":[],"yoast_head":"<!-- This site is optimized with the Yoast SEO plugin v27.6 - https:\/\/yoast.com\/product\/yoast-seo-wordpress\/ -->\n<title>Soluciones de reciclaje | Powerscreen of Washington<\/title>\n<meta name=\"description\" content=\"El reciclaje en la construcci\u00f3n es una parte importante del movimiento de construcci\u00f3n ecol\u00f3gica. Nuestras soluciones ayudan a reducir la cantidad de residuos depositados en vertederos.\" \/>\n<meta name=\"robots\" content=\"index, follow, max-snippet:-1, max-image-preview:large, max-video-preview:-1\" \/>\n<link rel=\"canonical\" href=\"https:\/\/www.powerscreen-wa.com\/es\/industrias\/reciclado\/\" \/>\n<meta property=\"og:locale\" content=\"es_ES\" \/>\n<meta property=\"og:type\" content=\"article\" \/>\n<meta property=\"og:title\" content=\"Soluciones de reciclaje | Powerscreen of Washington\" \/>\n<meta property=\"og:description\" content=\"El reciclaje en la construcci\u00f3n es una parte importante del movimiento de construcci\u00f3n ecol\u00f3gica. Nuestras soluciones ayudan a reducir la cantidad de residuos depositados en vertederos.\" \/>\n<meta property=\"og:url\" content=\"https:\/\/www.powerscreen-wa.com\/es\/industrias\/reciclado\/\" \/>\n<meta property=\"og:site_name\" content=\"Powerscreen of Washington\" \/>\n<meta property=\"article:modified_time\" content=\"2024-10-22T11:51:37+00:00\" \/>\n<meta name=\"twitter:card\" content=\"summary_large_image\" \/>\n<script type=\"application\/ld+json\" class=\"yoast-schema-graph\">{\"@context\":\"https:\\\/\\\/schema.org\",\"@graph\":[{\"@type\":\"WebPage\",\"@id\":\"https:\\\/\\\/www.powerscreen-wa.com\\\/es\\\/industrias\\\/reciclado\\\/\",\"url\":\"https:\\\/\\\/www.powerscreen-wa.com\\\/es\\\/industrias\\\/reciclado\\\/\",\"name\":\"Soluciones de reciclaje | Powerscreen of Washington\",\"isPartOf\":{\"@id\":\"https:\\\/\\\/www.powerscreen-wa.com\\\/es\\\/#website\"},\"datePublished\":\"2023-03-01T01:55:50+00:00\",\"dateModified\":\"2024-10-22T11:51:37+00:00\",\"description\":\"El reciclaje en la construcci\u00f3n es una parte importante del movimiento de construcci\u00f3n ecol\u00f3gica. Nuestras soluciones ayudan a reducir la cantidad de residuos depositados en vertederos.\",\"breadcrumb\":{\"@id\":\"https:\\\/\\\/www.powerscreen-wa.com\\\/es\\\/industrias\\\/reciclado\\\/#breadcrumb\"},\"inLanguage\":\"es\",\"potentialAction\":[{\"@type\":\"ReadAction\",\"target\":[\"https:\\\/\\\/www.powerscreen-wa.com\\\/es\\\/industrias\\\/reciclado\\\/\"]}]},{\"@type\":\"BreadcrumbList\",\"@id\":\"https:\\\/\\\/www.powerscreen-wa.com\\\/es\\\/industrias\\\/reciclado\\\/#breadcrumb\",\"itemListElement\":[{\"@type\":\"ListItem\",\"position\":1,\"name\":\"Inicio\",\"item\":\"https:\\\/\\\/www.powerscreen-wa.com\\\/es\\\/\"},{\"@type\":\"ListItem\",\"position\":2,\"name\":\"Industrias\",\"item\":\"https:\\\/\\\/www.powerscreen-wa.com\\\/es\\\/industrias\\\/\"},{\"@type\":\"ListItem\",\"position\":3,\"name\":\"Reciclado\"}]},{\"@type\":\"WebSite\",\"@id\":\"https:\\\/\\\/www.powerscreen-wa.com\\\/es\\\/#website\",\"url\":\"https:\\\/\\\/www.powerscreen-wa.com\\\/es\\\/\",\"name\":\"Powerscreen of Washington\",\"description\":\"The West Coast\u2019s Leading Independent Dealer For Materials Processing Equipment\",\"publisher\":{\"@id\":\"https:\\\/\\\/www.powerscreen-wa.com\\\/es\\\/#organization\"},\"potentialAction\":[{\"@type\":\"SearchAction\",\"target\":{\"@type\":\"EntryPoint\",\"urlTemplate\":\"https:\\\/\\\/www.powerscreen-wa.com\\\/es\\\/?s={search_term_string}\"},\"query-input\":{\"@type\":\"PropertyValueSpecification\",\"valueRequired\":true,\"valueName\":\"search_term_string\"}}],\"inLanguage\":\"es\"},{\"@type\":\"Organization\",\"@id\":\"https:\\\/\\\/www.powerscreen-wa.com\\\/es\\\/#organization\",\"name\":\"Powerscreen of Washington\",\"url\":\"https:\\\/\\\/www.powerscreen-wa.com\\\/es\\\/\",\"logo\":{\"@type\":\"ImageObject\",\"inLanguage\":\"es\",\"@id\":\"https:\\\/\\\/www.powerscreen-wa.com\\\/es\\\/#\\\/schema\\\/logo\\\/image\\\/\",\"url\":\"https:\\\/\\\/www.powerscreen-wa.com\\\/wp-content\\\/uploads\\\/2023\\\/08\\\/Powerscreen-of-Washington-logo.svg\",\"contentUrl\":\"https:\\\/\\\/www.powerscreen-wa.com\\\/wp-content\\\/uploads\\\/2023\\\/08\\\/Powerscreen-of-Washington-logo.svg\",\"width\":1047,\"height\":571,\"caption\":\"Powerscreen of Washington\"},\"image\":{\"@id\":\"https:\\\/\\\/www.powerscreen-wa.com\\\/es\\\/#\\\/schema\\\/logo\\\/image\\\/\"}}]}<\/script>\n<!-- \/ Yoast SEO plugin. -->","yoast_head_json":{"title":"Soluciones de reciclaje | Powerscreen of Washington","description":"El reciclaje en la construcci\u00f3n es una parte importante del movimiento de construcci\u00f3n ecol\u00f3gica. Nuestras soluciones ayudan a reducir la cantidad de residuos depositados en vertederos.","robots":{"index":"index","follow":"follow","max-snippet":"max-snippet:-1","max-image-preview":"max-image-preview:large","max-video-preview":"max-video-preview:-1"},"canonical":"https:\/\/www.powerscreen-wa.com\/es\/industrias\/reciclado\/","og_locale":"es_ES","og_type":"article","og_title":"Soluciones de reciclaje | Powerscreen of Washington","og_description":"El reciclaje en la construcci\u00f3n es una parte importante del movimiento de construcci\u00f3n ecol\u00f3gica. Nuestras soluciones ayudan a reducir la cantidad de residuos depositados en vertederos.","og_url":"https:\/\/www.powerscreen-wa.com\/es\/industrias\/reciclado\/","og_site_name":"Powerscreen of Washington","article_modified_time":"2024-10-22T11:51:37+00:00","twitter_card":"summary_large_image","schema":{"@context":"https:\/\/schema.org","@graph":[{"@type":"WebPage","@id":"https:\/\/www.powerscreen-wa.com\/es\/industrias\/reciclado\/","url":"https:\/\/www.powerscreen-wa.com\/es\/industrias\/reciclado\/","name":"Soluciones de reciclaje | Powerscreen of Washington","isPartOf":{"@id":"https:\/\/www.powerscreen-wa.com\/es\/#website"},"datePublished":"2023-03-01T01:55:50+00:00","dateModified":"2024-10-22T11:51:37+00:00","description":"El reciclaje en la construcci\u00f3n es una parte importante del movimiento de construcci\u00f3n ecol\u00f3gica. Nuestras soluciones ayudan a reducir la cantidad de residuos depositados en vertederos.","breadcrumb":{"@id":"https:\/\/www.powerscreen-wa.com\/es\/industrias\/reciclado\/#breadcrumb"},"inLanguage":"es","potentialAction":[{"@type":"ReadAction","target":["https:\/\/www.powerscreen-wa.com\/es\/industrias\/reciclado\/"]}]},{"@type":"BreadcrumbList","@id":"https:\/\/www.powerscreen-wa.com\/es\/industrias\/reciclado\/#breadcrumb","itemListElement":[{"@type":"ListItem","position":1,"name":"Inicio","item":"https:\/\/www.powerscreen-wa.com\/es\/"},{"@type":"ListItem","position":2,"name":"Industrias","item":"https:\/\/www.powerscreen-wa.com\/es\/industrias\/"},{"@type":"ListItem","position":3,"name":"Reciclado"}]},{"@type":"WebSite","@id":"https:\/\/www.powerscreen-wa.com\/es\/#website","url":"https:\/\/www.powerscreen-wa.com\/es\/","name":"Powerscreen of Washington","description":"The West Coast\u2019s Leading Independent Dealer For Materials Processing Equipment","publisher":{"@id":"https:\/\/www.powerscreen-wa.com\/es\/#organization"},"potentialAction":[{"@type":"SearchAction","target":{"@type":"EntryPoint","urlTemplate":"https:\/\/www.powerscreen-wa.com\/es\/?s={search_term_string}"},"query-input":{"@type":"PropertyValueSpecification","valueRequired":true,"valueName":"search_term_string"}}],"inLanguage":"es"},{"@type":"Organization","@id":"https:\/\/www.powerscreen-wa.com\/es\/#organization","name":"Powerscreen of Washington","url":"https:\/\/www.powerscreen-wa.com\/es\/","logo":{"@type":"ImageObject","inLanguage":"es","@id":"https:\/\/www.powerscreen-wa.com\/es\/#\/schema\/logo\/image\/","url":"https:\/\/www.powerscreen-wa.com\/wp-content\/uploads\/2023\/08\/Powerscreen-of-Washington-logo.svg","contentUrl":"https:\/\/www.powerscreen-wa.com\/wp-content\/uploads\/2023\/08\/Powerscreen-of-Washington-logo.svg","width":1047,"height":571,"caption":"Powerscreen of Washington"},"image":{"@id":"https:\/\/www.powerscreen-wa.com\/es\/#\/schema\/logo\/image\/"}}]}},"_links":{"self":[{"href":"https:\/\/www.powerscreen-wa.com\/es\/wp-json\/wp\/v2\/pages\/63647","targetHints":{"allow":["GET"]}}],"collection":[{"href":"https:\/\/www.powerscreen-wa.com\/es\/wp-json\/wp\/v2\/pages"}],"about":[{"href":"https:\/\/www.powerscreen-wa.com\/es\/wp-json\/wp\/v2\/types\/page"}],"author":[{"embeddable":true,"href":"https:\/\/www.powerscreen-wa.com\/es\/wp-json\/wp\/v2\/users\/6"}],"replies":[{"embeddable":true,"href":"https:\/\/www.powerscreen-wa.com\/es\/wp-json\/wp\/v2\/comments?post=63647"}],"version-history":[{"count":2,"href":"https:\/\/www.powerscreen-wa.com\/es\/wp-json\/wp\/v2\/pages\/63647\/revisions"}],"predecessor-version":[{"id":64746,"href":"https:\/\/www.powerscreen-wa.com\/es\/wp-json\/wp\/v2\/pages\/63647\/revisions\/64746"}],"up":[{"embeddable":true,"href":"https:\/\/www.powerscreen-wa.com\/es\/wp-json\/wp\/v2\/pages\/63496"}],"wp:attachment":[{"href":"https:\/\/www.powerscreen-wa.com\/es\/wp-json\/wp\/v2\/media?parent=63647"}],"curies":[{"name":"wp","href":"https:\/\/api.w.org\/{rel}","templated":true}]}}