{"id":63620,"date":"2023-02-28T17:55:50","date_gmt":"2023-03-01T01:55:50","guid":{"rendered":"https:\/\/www.powerscreen-wa.com\/industrias\/puertos\/"},"modified":"2026-04-14T05:01:41","modified_gmt":"2026-04-14T12:01:41","slug":"puertos","status":"publish","type":"page","link":"https:\/\/www.powerscreen-wa.com\/es\/industrias\/puertos\/","title":{"rendered":"Puertos"},"content":{"rendered":"\n\n<div class=\"container\">\n\n    <div class=\"block-header-container\">\n\n                    <h2 class=\"block-header text-center \">Soluciones portuarias<\/h2>\n                            <div class=\"written block-text lg:text-lg\">Los equipos de manipulaci\u00f3n portuaria son m\u00e1quinas utilizadas en la industria portuaria y mar\u00edtima para cargar y descargar mercanc\u00edas de los barcos.\r\nEste tipo de maquinaria suele utilizarse en terminales de contenedores, terminales de graneles y otras instalaciones de manipulaci\u00f3n de cargas.\r\nIncluye una variedad de m\u00e1quinas como gr\u00faas, carretillas p\u00f3rtico, carretillas elevadoras y apiladoras retr\u00e1ctiles.\r\nEstas m\u00e1quinas se utilizan para mover mercanc\u00edas entre los buques y los muelles, as\u00ed como para cargarlas y descargarlas dentro y fuera de los contenedores.   <\/div>\n        \n\n    <\/div>\n\n    <div class=\"range-cards \">\n        \n            <div class=\"range-card\">\n                <div class=\"range-card-inner\">\n                    <h3>MANEJADOR DE PUERTOS<\/h3>\n                                        <figure class=\"range-image\" style=\"background-image:url(https:\/\/www.powerscreen-wa.com\/wp-content\/uploads\/2023\/03\/370-600x510.png)\"><\/figure>\n                <\/div>\n                                    <a href=\"https:\/\/www.powerscreen-wa.com\/es\/categorias\/manipuladores-portuarios\/\" class=\"button-primary button-col-primary\" target=\"\">\n                        <span>Ver rango<\/span>\n                    <\/a>\n                            <\/div>\n        \n            <div class=\"range-card\">\n                <div class=\"range-card-inner\">\n                    <h3>SOLUCIONES DE MANIPULACI\u00d3N A GRANEL<\/h3>\n                                        <figure class=\"range-image\" style=\"background-image:url(https:\/\/www.powerscreen-wa.com\/wp-content\/uploads\/2023\/02\/CT65-PERS-LHS-600x338.png)\"><\/figure>\n                <\/div>\n                                    <a href=\"https:\/\/www.powerscreen-wa.com\/es\/categorias\/soluciones-de-manipulacion-a-granel\/\" class=\"button-primary button-col-primary\" target=\"\">\n                        <span>Ver rango<\/span>\n                    <\/a>\n                            <\/div>\n        \n            <div class=\"range-card\">\n                <div class=\"range-card-inner\">\n                    <h3>Excavadoras<\/h3>\n                                        <figure class=\"range-image\" style=\"background-image:url(https:\/\/www.powerscreen-wa.com\/wp-content\/uploads\/2023\/08\/product-images-Kobelco_SK170LC-11-600x510.png)\"><\/figure>\n                <\/div>\n                                    <a href=\"https:\/\/www.powerscreen-wa.com\/es\/industrias\/excavadoras-sobre-orugas\/\" class=\"button-primary button-col-primary\" target=\"\">\n                        <span>Ver rango<\/span>\n                    <\/a>\n                            <\/div>\n            <\/div><\/div>\n\n\n<div style=\"height:50px\" aria-hidden=\"true\" class=\"wp-block-spacer\"><\/div>\n\n\n\n<section id=\"two-col-block_90d43f7bf7c656dca61ec783d2d4f498\" class=\"two-col-block py-0 bg-transparent\">\n    \n<div class=\"block-header-container\">\n            <h1 class=\"block-header text-center \">c\u00f3mo podemos ayudarle<\/h1>\n    \n                    <div class=\"written block-text lg:text-lg\">Disponemos de una amplia gama de opciones de equipamiento y servicios de asistencia para ayudar a nuestros clientes a alcanzar sus objetivos de producci\u00f3n de la forma m\u00e1s eficaz y rentable.<\/div>\n    \n    <\/div>\n    <div class=\"two-col-container                                  container\">\n        <div class=\"grid grid-cols-1 mb-5 lg:grid-cols-2 lg:mb-0\" style=\"background-color:                                                                                           transparent;\">\n                    \n    <div class=\"custom-call-to-action-outer \" style=\"\">\n    \n        <div class=\"custom-call-to-action\" >\n                            <h3 class=\"cta-heading\">Equipos usados<\/h3>\n                            <p class=\"cta-text\">Si no desea adquirir una m\u00e1quina nueva, nuestro equipo de expertos en equipos usados dispone de una gama de opciones de maquinaria usada que puede considerar.<\/p>\n            \n\n                        \n\n                                                                                            <a class=\"cta-button\" href=\"https:\/\/www.powerscreen-wa.com\/es\/usado\/\">Ver Stock Usado<\/a>\n                                                             \n\n\n\n        <\/div>\n\n    <\/div>\n        \n    <div class=\"custom-call-to-action-outer has-background-image\" style=\"background-image: url(https:\/\/www.powerscreen-wa.com\/wp-content\/uploads\/2023\/02\/Aftercare-2-600x402.png)\">\n    \n        <div class=\"custom-call-to-action\" >\n                            <h3 class=\"cta-heading\">Piezas y servicio<\/h3>\n                            <p class=\"cta-text\">El tiempo de actividad es fundamental, independientemente del tipo de equipo que utilices.\r\nSomos conscientes de ello y combinamos capacidades de servicio eficaces y piezas originales para que sigas produciendo. <\/p>\n            \n\n                        \n\n                                                                                            <a class=\"cta-button\" href=\"https:\/\/www.powerscreen-wa.com\/es\/cuidado-posterior\/\">M\u00e1s informaci\u00f3n<\/a>\n                                                             \n\n\n\n        <\/div>\n\n    <\/div>\n        <\/div>\n    <\/div>\n<\/section>\n\n\n<div style=\"height:100px\" aria-hidden=\"true\" class=\"wp-block-spacer\"><\/div>\n","protected":false},"excerpt":{"rendered":"","protected":false},"author":6,"featured_media":0,"parent":63496,"menu_order":0,"comment_status":"closed","ping_status":"closed","template":"","meta":{"_acf_changed":false,"footnotes":""},"class_list":["post-63620","page","type-page","status-publish","hentry"],"acf":[],"yoast_head":"<!-- This site is optimized with the Yoast SEO plugin v27.4 - https:\/\/yoast.com\/product\/yoast-seo-wordpress\/ -->\n<title>Puertos - Powerscreen of Washington<\/title>\n<meta name=\"description\" content=\"We are a leading independent new &amp; used industrial equipment dealer. Learn more about Puertos here.\" \/>\n<meta name=\"robots\" content=\"index, follow, max-snippet:-1, max-image-preview:large, max-video-preview:-1\" \/>\n<link rel=\"canonical\" href=\"https:\/\/www.powerscreen-wa.com\/es\/industrias\/puertos\/\" \/>\n<meta property=\"og:locale\" content=\"es_ES\" \/>\n<meta property=\"og:type\" content=\"article\" \/>\n<meta property=\"og:title\" content=\"Puertos - Powerscreen of Washington\" \/>\n<meta property=\"og:description\" content=\"We are a leading independent new &amp; used industrial equipment dealer. Learn more about Puertos here.\" \/>\n<meta property=\"og:url\" content=\"https:\/\/www.powerscreen-wa.com\/es\/industrias\/puertos\/\" \/>\n<meta property=\"og:site_name\" content=\"Powerscreen of Washington\" \/>\n<meta property=\"article:modified_time\" content=\"2026-04-14T12:01:41+00:00\" \/>\n<meta name=\"twitter:card\" content=\"summary_large_image\" \/>\n<script type=\"application\/ld+json\" class=\"yoast-schema-graph\">{\"@context\":\"https:\\\/\\\/schema.org\",\"@graph\":[{\"@type\":\"WebPage\",\"@id\":\"https:\\\/\\\/www.powerscreen-wa.com\\\/es\\\/industrias\\\/puertos\\\/\",\"url\":\"https:\\\/\\\/www.powerscreen-wa.com\\\/es\\\/industrias\\\/puertos\\\/\",\"name\":\"Puertos - Powerscreen of Washington\",\"isPartOf\":{\"@id\":\"https:\\\/\\\/www.powerscreen-wa.com\\\/es\\\/#website\"},\"datePublished\":\"2023-03-01T01:55:50+00:00\",\"dateModified\":\"2026-04-14T12:01:41+00:00\",\"description\":\"We are a leading independent new &amp; used industrial equipment dealer. Learn more about Puertos here.\",\"breadcrumb\":{\"@id\":\"https:\\\/\\\/www.powerscreen-wa.com\\\/es\\\/industrias\\\/puertos\\\/#breadcrumb\"},\"inLanguage\":\"es\",\"potentialAction\":[{\"@type\":\"ReadAction\",\"target\":[\"https:\\\/\\\/www.powerscreen-wa.com\\\/es\\\/industrias\\\/puertos\\\/\"]}]},{\"@type\":\"BreadcrumbList\",\"@id\":\"https:\\\/\\\/www.powerscreen-wa.com\\\/es\\\/industrias\\\/puertos\\\/#breadcrumb\",\"itemListElement\":[{\"@type\":\"ListItem\",\"position\":1,\"name\":\"Inicio\",\"item\":\"https:\\\/\\\/www.powerscreen-wa.com\\\/es\\\/\"},{\"@type\":\"ListItem\",\"position\":2,\"name\":\"Industrias\",\"item\":\"https:\\\/\\\/www.powerscreen-wa.com\\\/es\\\/industrias\\\/\"},{\"@type\":\"ListItem\",\"position\":3,\"name\":\"Puertos\"}]},{\"@type\":\"WebSite\",\"@id\":\"https:\\\/\\\/www.powerscreen-wa.com\\\/es\\\/#website\",\"url\":\"https:\\\/\\\/www.powerscreen-wa.com\\\/es\\\/\",\"name\":\"Powerscreen of Washington\",\"description\":\"The West Coast\u2019s Leading Independent Dealer For Materials Processing Equipment\",\"publisher\":{\"@id\":\"https:\\\/\\\/www.powerscreen-wa.com\\\/es\\\/#organization\"},\"potentialAction\":[{\"@type\":\"SearchAction\",\"target\":{\"@type\":\"EntryPoint\",\"urlTemplate\":\"https:\\\/\\\/www.powerscreen-wa.com\\\/es\\\/?s={search_term_string}\"},\"query-input\":{\"@type\":\"PropertyValueSpecification\",\"valueRequired\":true,\"valueName\":\"search_term_string\"}}],\"inLanguage\":\"es\"},{\"@type\":\"Organization\",\"@id\":\"https:\\\/\\\/www.powerscreen-wa.com\\\/es\\\/#organization\",\"name\":\"Powerscreen of Washington\",\"url\":\"https:\\\/\\\/www.powerscreen-wa.com\\\/es\\\/\",\"logo\":{\"@type\":\"ImageObject\",\"inLanguage\":\"es\",\"@id\":\"https:\\\/\\\/www.powerscreen-wa.com\\\/es\\\/#\\\/schema\\\/logo\\\/image\\\/\",\"url\":\"https:\\\/\\\/www.powerscreen-wa.com\\\/wp-content\\\/uploads\\\/2023\\\/08\\\/Powerscreen-of-Washington-logo.svg\",\"contentUrl\":\"https:\\\/\\\/www.powerscreen-wa.com\\\/wp-content\\\/uploads\\\/2023\\\/08\\\/Powerscreen-of-Washington-logo.svg\",\"width\":1047,\"height\":571,\"caption\":\"Powerscreen of Washington\"},\"image\":{\"@id\":\"https:\\\/\\\/www.powerscreen-wa.com\\\/es\\\/#\\\/schema\\\/logo\\\/image\\\/\"}}]}<\/script>\n<!-- \/ Yoast SEO plugin. -->","yoast_head_json":{"title":"Puertos - Powerscreen of Washington","description":"We are a leading independent new &amp; used industrial equipment dealer. Learn more about Puertos here.","robots":{"index":"index","follow":"follow","max-snippet":"max-snippet:-1","max-image-preview":"max-image-preview:large","max-video-preview":"max-video-preview:-1"},"canonical":"https:\/\/www.powerscreen-wa.com\/es\/industrias\/puertos\/","og_locale":"es_ES","og_type":"article","og_title":"Puertos - Powerscreen of Washington","og_description":"We are a leading independent new &amp; used industrial equipment dealer. Learn more about Puertos here.","og_url":"https:\/\/www.powerscreen-wa.com\/es\/industrias\/puertos\/","og_site_name":"Powerscreen of Washington","article_modified_time":"2026-04-14T12:01:41+00:00","twitter_card":"summary_large_image","schema":{"@context":"https:\/\/schema.org","@graph":[{"@type":"WebPage","@id":"https:\/\/www.powerscreen-wa.com\/es\/industrias\/puertos\/","url":"https:\/\/www.powerscreen-wa.com\/es\/industrias\/puertos\/","name":"Puertos - Powerscreen of Washington","isPartOf":{"@id":"https:\/\/www.powerscreen-wa.com\/es\/#website"},"datePublished":"2023-03-01T01:55:50+00:00","dateModified":"2026-04-14T12:01:41+00:00","description":"We are a leading independent new &amp; used industrial equipment dealer. Learn more about Puertos here.","breadcrumb":{"@id":"https:\/\/www.powerscreen-wa.com\/es\/industrias\/puertos\/#breadcrumb"},"inLanguage":"es","potentialAction":[{"@type":"ReadAction","target":["https:\/\/www.powerscreen-wa.com\/es\/industrias\/puertos\/"]}]},{"@type":"BreadcrumbList","@id":"https:\/\/www.powerscreen-wa.com\/es\/industrias\/puertos\/#breadcrumb","itemListElement":[{"@type":"ListItem","position":1,"name":"Inicio","item":"https:\/\/www.powerscreen-wa.com\/es\/"},{"@type":"ListItem","position":2,"name":"Industrias","item":"https:\/\/www.powerscreen-wa.com\/es\/industrias\/"},{"@type":"ListItem","position":3,"name":"Puertos"}]},{"@type":"WebSite","@id":"https:\/\/www.powerscreen-wa.com\/es\/#website","url":"https:\/\/www.powerscreen-wa.com\/es\/","name":"Powerscreen of Washington","description":"The West Coast\u2019s Leading Independent Dealer For Materials Processing Equipment","publisher":{"@id":"https:\/\/www.powerscreen-wa.com\/es\/#organization"},"potentialAction":[{"@type":"SearchAction","target":{"@type":"EntryPoint","urlTemplate":"https:\/\/www.powerscreen-wa.com\/es\/?s={search_term_string}"},"query-input":{"@type":"PropertyValueSpecification","valueRequired":true,"valueName":"search_term_string"}}],"inLanguage":"es"},{"@type":"Organization","@id":"https:\/\/www.powerscreen-wa.com\/es\/#organization","name":"Powerscreen of Washington","url":"https:\/\/www.powerscreen-wa.com\/es\/","logo":{"@type":"ImageObject","inLanguage":"es","@id":"https:\/\/www.powerscreen-wa.com\/es\/#\/schema\/logo\/image\/","url":"https:\/\/www.powerscreen-wa.com\/wp-content\/uploads\/2023\/08\/Powerscreen-of-Washington-logo.svg","contentUrl":"https:\/\/www.powerscreen-wa.com\/wp-content\/uploads\/2023\/08\/Powerscreen-of-Washington-logo.svg","width":1047,"height":571,"caption":"Powerscreen of Washington"},"image":{"@id":"https:\/\/www.powerscreen-wa.com\/es\/#\/schema\/logo\/image\/"}}]}},"_links":{"self":[{"href":"https:\/\/www.powerscreen-wa.com\/es\/wp-json\/wp\/v2\/pages\/63620","targetHints":{"allow":["GET"]}}],"collection":[{"href":"https:\/\/www.powerscreen-wa.com\/es\/wp-json\/wp\/v2\/pages"}],"about":[{"href":"https:\/\/www.powerscreen-wa.com\/es\/wp-json\/wp\/v2\/types\/page"}],"author":[{"embeddable":true,"href":"https:\/\/www.powerscreen-wa.com\/es\/wp-json\/wp\/v2\/users\/6"}],"replies":[{"embeddable":true,"href":"https:\/\/www.powerscreen-wa.com\/es\/wp-json\/wp\/v2\/comments?post=63620"}],"version-history":[{"count":4,"href":"https:\/\/www.powerscreen-wa.com\/es\/wp-json\/wp\/v2\/pages\/63620\/revisions"}],"predecessor-version":[{"id":69874,"href":"https:\/\/www.powerscreen-wa.com\/es\/wp-json\/wp\/v2\/pages\/63620\/revisions\/69874"}],"up":[{"embeddable":true,"href":"https:\/\/www.powerscreen-wa.com\/es\/wp-json\/wp\/v2\/pages\/63496"}],"wp:attachment":[{"href":"https:\/\/www.powerscreen-wa.com\/es\/wp-json\/wp\/v2\/media?parent=63620"}],"curies":[{"name":"wp","href":"https:\/\/api.w.org\/{rel}","templated":true}]}}