{"id":63549,"date":"2023-02-06T16:25:55","date_gmt":"2023-02-07T00:25:55","guid":{"rendered":"https:\/\/www.powerscreen-wa.com\/categorias\/amoladoras\/"},"modified":"2024-10-23T01:27:09","modified_gmt":"2024-10-23T08:27:09","slug":"amoladoras","status":"publish","type":"page","link":"https:\/\/www.powerscreen-wa.com\/es\/categorias\/amoladoras\/","title":{"rendered":"Amoladoras"},"content":{"rendered":"\n\n<div class=\"container\">\n\n    <div class=\"block-header-container\">\n\n                    <h2 class=\"block-header text-center \">Amoladoras fabricadas para rendir y durar<\/h2>\n                            <div class=\"written block-text lg:text-lg\">La gama CBI de astilladoras y trituradoras es ampliamente conocida como la mejor del mercado por su calidad de fabricaci\u00f3n superior, su dise\u00f1o robusto y su excelente rendimiento.\nLas astilladoras y trituradoras est\u00e1n dise\u00f1adas con materiales y componentes de la m\u00e1xima calidad, lo que garantiza su durabilidad y fiabilidad a largo plazo.   <\/div>\n        \n\n    <\/div>\n\n<pre><\/pre>\n    \n<form class=\"sort-wrapper container\" name=\"ps-sortform\" action=\"#\" method=\"get\">\n        <div class=\"filters\">\n                            <select class=\"dynamic-sort\" name=\"brand filter-select\" id=\"brand\">\n                     <option value=\"default\" disabled selected>Marca<\/option>\n                                   <\/select>\n            \n            \n                <select class=\"dynamic-sort\" name=\"category filter-select\" id=\"category\">\n\n                    <option value=\"default\" disabled selected>Categor\u00eda<\/option>\n                                    <\/select>\n\n            \n                    <\/div>\n\n                \n        <p class=\"product-count flex items-center\">0 Productos<\/p>\n        \n        <div class=\"sort-by\">\n            <select class=\"dynamic-sort\" name=\"sortby\" id=\"sorter\">\n                                                                                        <option value=\"default\" disabled selected>Ordenar por<\/option>\n                                                                                                                                    <option value=\"machine-weight\">Peso de la m\u00e1quina<\/option>\n                                                                                                                                    <option value=\"title-asc\">Nombre (A-Z)<\/option>\n                                                                                                                                    <option value=\"title-desc\">Nombre (Z-A)<\/option>\n                                                                        <\/select>\n        <\/div>\n                <input type=\"hidden\" name=\"sorter\" value=\"submit\">\n    <\/form>\n<div class=\"container ranges-single\">\n\n    No se han encontrado productos<\/div>\n\n    \n<style>\n    .pagination {\n    display: flex;\n    flex-direction: row;\n    align-items: center;\n    justify-content: center;\n    margin-bottom: 45px;\n}\n\n.page-numbers {\n    padding: 5px;\n    margin: 0 5px;\n    width: 30px;\n    background: red;\n    height: 30px;\n    display: flex;\n    justify-content: center;\n    align-items: center;\n    border: 2px solid red;\n    border-radius: 5px;\n    color: white;\n}\n\n.page-numbers.current {\n    background-color: transparent;\n    color: black;\n}\n<\/style><\/div>\n\n\n<section id=\"two-col-block_76a7910d79e24a6ccbf4af82525f50c3\" class=\"two-col-block py-0 ccolumn-bg bg-primary\">\n    \n    <div class=\"two-col-container                                  \">\n        <div class=\"grid grid-cols-1 mb-5 lg:grid-cols-2 lg:mb-0\" style=\"background-color:                                                                                           transparent;\">\n            \n                <div class=\"two-col-column-1                                             two-col-order-1\">\n                                            <img decoding=\"async\" class=\"two-col-image\" src=\"https:\/\/www.powerscreen-wa.com\/wp-content\/uploads\/2023\/02\/enlarge_CBI_5400.png\" alt=\"\"\/>\n                    \n\n\n                   \n\n\n                   \n\n\n                <\/div>\n\n\n\n                <div class=\"two-col-column-2                                             two-col-order-2\">\n                    <div class=\"two-col-padding-right\" style=\"padding-top:15px;padding-bottom:15px;\">\n\n                                                    <h2 class=\"two-col-headingtext-white\">Aumentar la producci\u00f3n, reducir el coste por tonelada<\/h2>\n                        \n                        \n                                                            <div class=\"two-col-text writtentext-grey-400\"><p>La gama tambi\u00e9n es incre\u00edblemente eficiente, capaz de procesar grandes vol\u00famenes de material en poco tiempo y con el m\u00ednimo esfuerzo.<br \/>\nLa gama tambi\u00e9n cuenta con una gran variedad de caracter\u00edsticas y funciones, como ajustes de velocidad y rotaci\u00f3n inversa, que permiten un mayor control de la producci\u00f3n. <\/p>\n<\/div>\n                            \n                                                                                                <a class=\"button-primary button-col-primary\" href=\"https:\/\/www.powerscreen-wa.com\/es\/contacte-con-nosotros\/\">Solicitar informaci\u00f3n<\/a>\n                                                            \n                                            <\/div>\n                <\/div>\n\n\n                    <\/div>\n    <\/div>\n<\/section>\n\n\n<section id=\"two-col-block_bf080f03cd21aa4e09f65203034e9e43\" class=\"two-col-block py-12 lg:py-24 bg-transparent\">\n    \n    <div class=\"two-col-container                                  container\">\n        <div class=\"grid grid-cols-1 mb-5 lg:grid-cols-2 lg:mb-0\" style=\"background-color:                                                                                           transparent;\">\n            \n                <div class=\"two-col-column-1                                             two-col-order-2\">\n                                            <img decoding=\"async\" class=\"two-col-image\" src=\"https:\/\/www.powerscreen-wa.com\/wp-content\/uploads\/2023\/02\/product-images_0060_CBI-6800CT.png\" alt=\"\"\/>\n                    \n\n\n                   \n\n\n                   \n\n\n                <\/div>\n\n\n\n                <div class=\"two-col-column-2                                             two-col-order-1\">\n                    <div class=\"two-col-padding-left\" style=\"padding-top:15px;padding-bottom:15px;\">\n\n                                                    <h2 class=\"two-col-headingtext-primary\">Comprometidos con la soluci\u00f3n adecuada<\/h2>\n                        \n                        \n                                                            <div class=\"two-col-text writtentext-grey\"><p>Nuestro equipo de expertos del sector tiene a\u00f1os de experiencia y un conocimiento de la amplia gama de opciones de maquinaria.<br \/>\nEsto significa que podemos trabajar contigo para comprender tus objetivos y aconsejarte la mejor soluci\u00f3n que se ajuste a tu presupuesto, al tiempo que logras tus metas. <\/p>\n<\/div>\n                            \n                                                                                                <a class=\"button-primary button-col-primary\" href=\"https:\/\/www.powerscreen-wa.com\/es\/contacte-con-nosotros\/\">Contacte con nosotros<\/a>\n                                                            \n                                            <\/div>\n                <\/div>\n\n\n                    <\/div>\n    <\/div>\n<\/section>\n\n\n<section id=\"two-col-block_b9b0ed3c18073819e946cbb51415ac80\" class=\"two-col-block py-0 bg-transparent\">\n    \n<div class=\"block-header-container\">\n            <h1 class=\"block-header text-center \">c\u00f3mo podemos ayudarle<\/h1>\n    \n                    <div class=\"written block-text lg:text-lg\">Disponemos de una amplia gama de opciones de equipamiento y servicios de asistencia para ayudar a nuestros clientes a alcanzar sus objetivos de producci\u00f3n de la forma m\u00e1s eficaz y rentable.<\/div>\n    \n    <\/div>\n    <div class=\"two-col-container                                  container\">\n        <div class=\"grid grid-cols-1 mb-5 lg:grid-cols-2 lg:mb-0\" style=\"background-color:                                                                                           transparent;\">\n                    \n    <div class=\"custom-call-to-action-outer \" style=\"\">\n    \n        <div class=\"custom-call-to-action\" >\n                            <h3 class=\"cta-heading\">Equipos usados<\/h3>\n                            <p class=\"cta-text\">Si no desea adquirir una m\u00e1quina nueva, nuestro equipo de expertos en equipos usados dispone de una gama de opciones de maquinaria usada que puede considerar.<\/p>\n            \n\n                        \n\n                                                                                            <a class=\"cta-button\" href=\"https:\/\/www.powerscreen-wa.com\/es\/usado\/\">Ver Stock Usado<\/a>\n                                                             \n\n\n\n        <\/div>\n\n    <\/div>\n        \n    <div class=\"custom-call-to-action-outer has-background-image\" style=\"background-image: url(https:\/\/www.powerscreen-wa.com\/wp-content\/uploads\/2023\/02\/Aftercare-2-600x402.png)\">\n    \n        <div class=\"custom-call-to-action\" >\n                            <h3 class=\"cta-heading\">Piezas y servicio<\/h3>\n                            <p class=\"cta-text\">El tiempo de actividad es fundamental, independientemente del tipo de equipo que utilices.\r\nSomos conscientes de ello y combinamos capacidades de servicio eficaces y piezas originales para que sigas produciendo. <\/p>\n            \n\n                        \n\n                                                                                            <a class=\"cta-button\" href=\"https:\/\/www.powerscreen-wa.com\/es\/cuidado-posterior\/\">M\u00e1s informaci\u00f3n<\/a>\n                                                             \n\n\n\n        <\/div>\n\n    <\/div>\n        <\/div>\n    <\/div>\n<\/section>\n\n\n<div style=\"height:100px\" aria-hidden=\"true\" class=\"wp-block-spacer\"><\/div>\n","protected":false},"excerpt":{"rendered":"","protected":false},"author":6,"featured_media":0,"parent":63502,"menu_order":0,"comment_status":"closed","ping_status":"closed","template":"","meta":{"_acf_changed":false,"footnotes":""},"class_list":["post-63549","page","type-page","status-publish","hentry"],"acf":[],"yoast_head":"<!-- This site is optimized with the Yoast SEO plugin v27.4 - https:\/\/yoast.com\/product\/yoast-seo-wordpress\/ -->\n<title>Astilladoras y trituradoras industriales | Powerscreen of Washington<\/title>\n<meta name=\"description\" content=\"En Powerscreen of Washington, nuestra gama de trituradoras horizontales y astilladoras industriales de madera es adecuada para aplicaciones exigentes de procesamiento de materiales.\" \/>\n<meta name=\"robots\" content=\"index, follow, max-snippet:-1, max-image-preview:large, max-video-preview:-1\" \/>\n<link rel=\"canonical\" href=\"https:\/\/www.powerscreen-wa.com\/es\/categorias\/amoladoras\/\" \/>\n<meta property=\"og:locale\" content=\"es_ES\" \/>\n<meta property=\"og:type\" content=\"article\" \/>\n<meta property=\"og:title\" content=\"Astilladoras y trituradoras industriales | Powerscreen of Washington\" \/>\n<meta property=\"og:description\" content=\"En Powerscreen of Washington, nuestra gama de trituradoras horizontales y astilladoras industriales de madera es adecuada para aplicaciones exigentes de procesamiento de materiales.\" \/>\n<meta property=\"og:url\" content=\"https:\/\/www.powerscreen-wa.com\/es\/categorias\/amoladoras\/\" \/>\n<meta property=\"og:site_name\" content=\"Powerscreen of Washington\" \/>\n<meta property=\"article:modified_time\" content=\"2024-10-23T08:27:09+00:00\" \/>\n<meta name=\"twitter:card\" content=\"summary_large_image\" \/>\n<script type=\"application\/ld+json\" class=\"yoast-schema-graph\">{\"@context\":\"https:\\\/\\\/schema.org\",\"@graph\":[{\"@type\":\"WebPage\",\"@id\":\"https:\\\/\\\/www.powerscreen-wa.com\\\/es\\\/categorias\\\/amoladoras\\\/\",\"url\":\"https:\\\/\\\/www.powerscreen-wa.com\\\/es\\\/categorias\\\/amoladoras\\\/\",\"name\":\"Astilladoras y trituradoras industriales | Powerscreen of Washington\",\"isPartOf\":{\"@id\":\"https:\\\/\\\/www.powerscreen-wa.com\\\/es\\\/#website\"},\"datePublished\":\"2023-02-07T00:25:55+00:00\",\"dateModified\":\"2024-10-23T08:27:09+00:00\",\"description\":\"En Powerscreen of Washington, nuestra gama de trituradoras horizontales y astilladoras industriales de madera es adecuada para aplicaciones exigentes de procesamiento de materiales.\",\"breadcrumb\":{\"@id\":\"https:\\\/\\\/www.powerscreen-wa.com\\\/es\\\/categorias\\\/amoladoras\\\/#breadcrumb\"},\"inLanguage\":\"es\",\"potentialAction\":[{\"@type\":\"ReadAction\",\"target\":[\"https:\\\/\\\/www.powerscreen-wa.com\\\/es\\\/categorias\\\/amoladoras\\\/\"]}]},{\"@type\":\"BreadcrumbList\",\"@id\":\"https:\\\/\\\/www.powerscreen-wa.com\\\/es\\\/categorias\\\/amoladoras\\\/#breadcrumb\",\"itemListElement\":[{\"@type\":\"ListItem\",\"position\":1,\"name\":\"Inicio\",\"item\":\"https:\\\/\\\/www.powerscreen-wa.com\\\/es\\\/\"},{\"@type\":\"ListItem\",\"position\":2,\"name\":\"Categor\u00edas\",\"item\":\"https:\\\/\\\/www.powerscreen-wa.com\\\/es\\\/categorias\\\/\"},{\"@type\":\"ListItem\",\"position\":3,\"name\":\"Amoladoras\"}]},{\"@type\":\"WebSite\",\"@id\":\"https:\\\/\\\/www.powerscreen-wa.com\\\/es\\\/#website\",\"url\":\"https:\\\/\\\/www.powerscreen-wa.com\\\/es\\\/\",\"name\":\"Powerscreen of Washington\",\"description\":\"The West Coast\u2019s Leading Independent Dealer For Materials Processing Equipment\",\"publisher\":{\"@id\":\"https:\\\/\\\/www.powerscreen-wa.com\\\/es\\\/#organization\"},\"potentialAction\":[{\"@type\":\"SearchAction\",\"target\":{\"@type\":\"EntryPoint\",\"urlTemplate\":\"https:\\\/\\\/www.powerscreen-wa.com\\\/es\\\/?s={search_term_string}\"},\"query-input\":{\"@type\":\"PropertyValueSpecification\",\"valueRequired\":true,\"valueName\":\"search_term_string\"}}],\"inLanguage\":\"es\"},{\"@type\":\"Organization\",\"@id\":\"https:\\\/\\\/www.powerscreen-wa.com\\\/es\\\/#organization\",\"name\":\"Powerscreen of Washington\",\"url\":\"https:\\\/\\\/www.powerscreen-wa.com\\\/es\\\/\",\"logo\":{\"@type\":\"ImageObject\",\"inLanguage\":\"es\",\"@id\":\"https:\\\/\\\/www.powerscreen-wa.com\\\/es\\\/#\\\/schema\\\/logo\\\/image\\\/\",\"url\":\"https:\\\/\\\/www.powerscreen-wa.com\\\/wp-content\\\/uploads\\\/2023\\\/08\\\/Powerscreen-of-Washington-logo.svg\",\"contentUrl\":\"https:\\\/\\\/www.powerscreen-wa.com\\\/wp-content\\\/uploads\\\/2023\\\/08\\\/Powerscreen-of-Washington-logo.svg\",\"width\":1047,\"height\":571,\"caption\":\"Powerscreen of Washington\"},\"image\":{\"@id\":\"https:\\\/\\\/www.powerscreen-wa.com\\\/es\\\/#\\\/schema\\\/logo\\\/image\\\/\"}}]}<\/script>\n<!-- \/ Yoast SEO plugin. -->","yoast_head_json":{"title":"Astilladoras y trituradoras industriales | Powerscreen of Washington","description":"En Powerscreen of Washington, nuestra gama de trituradoras horizontales y astilladoras industriales de madera es adecuada para aplicaciones exigentes de procesamiento de materiales.","robots":{"index":"index","follow":"follow","max-snippet":"max-snippet:-1","max-image-preview":"max-image-preview:large","max-video-preview":"max-video-preview:-1"},"canonical":"https:\/\/www.powerscreen-wa.com\/es\/categorias\/amoladoras\/","og_locale":"es_ES","og_type":"article","og_title":"Astilladoras y trituradoras industriales | Powerscreen of Washington","og_description":"En Powerscreen of Washington, nuestra gama de trituradoras horizontales y astilladoras industriales de madera es adecuada para aplicaciones exigentes de procesamiento de materiales.","og_url":"https:\/\/www.powerscreen-wa.com\/es\/categorias\/amoladoras\/","og_site_name":"Powerscreen of Washington","article_modified_time":"2024-10-23T08:27:09+00:00","twitter_card":"summary_large_image","schema":{"@context":"https:\/\/schema.org","@graph":[{"@type":"WebPage","@id":"https:\/\/www.powerscreen-wa.com\/es\/categorias\/amoladoras\/","url":"https:\/\/www.powerscreen-wa.com\/es\/categorias\/amoladoras\/","name":"Astilladoras y trituradoras industriales | Powerscreen of Washington","isPartOf":{"@id":"https:\/\/www.powerscreen-wa.com\/es\/#website"},"datePublished":"2023-02-07T00:25:55+00:00","dateModified":"2024-10-23T08:27:09+00:00","description":"En Powerscreen of Washington, nuestra gama de trituradoras horizontales y astilladoras industriales de madera es adecuada para aplicaciones exigentes de procesamiento de materiales.","breadcrumb":{"@id":"https:\/\/www.powerscreen-wa.com\/es\/categorias\/amoladoras\/#breadcrumb"},"inLanguage":"es","potentialAction":[{"@type":"ReadAction","target":["https:\/\/www.powerscreen-wa.com\/es\/categorias\/amoladoras\/"]}]},{"@type":"BreadcrumbList","@id":"https:\/\/www.powerscreen-wa.com\/es\/categorias\/amoladoras\/#breadcrumb","itemListElement":[{"@type":"ListItem","position":1,"name":"Inicio","item":"https:\/\/www.powerscreen-wa.com\/es\/"},{"@type":"ListItem","position":2,"name":"Categor\u00edas","item":"https:\/\/www.powerscreen-wa.com\/es\/categorias\/"},{"@type":"ListItem","position":3,"name":"Amoladoras"}]},{"@type":"WebSite","@id":"https:\/\/www.powerscreen-wa.com\/es\/#website","url":"https:\/\/www.powerscreen-wa.com\/es\/","name":"Powerscreen of Washington","description":"The West Coast\u2019s Leading Independent Dealer For Materials Processing Equipment","publisher":{"@id":"https:\/\/www.powerscreen-wa.com\/es\/#organization"},"potentialAction":[{"@type":"SearchAction","target":{"@type":"EntryPoint","urlTemplate":"https:\/\/www.powerscreen-wa.com\/es\/?s={search_term_string}"},"query-input":{"@type":"PropertyValueSpecification","valueRequired":true,"valueName":"search_term_string"}}],"inLanguage":"es"},{"@type":"Organization","@id":"https:\/\/www.powerscreen-wa.com\/es\/#organization","name":"Powerscreen of Washington","url":"https:\/\/www.powerscreen-wa.com\/es\/","logo":{"@type":"ImageObject","inLanguage":"es","@id":"https:\/\/www.powerscreen-wa.com\/es\/#\/schema\/logo\/image\/","url":"https:\/\/www.powerscreen-wa.com\/wp-content\/uploads\/2023\/08\/Powerscreen-of-Washington-logo.svg","contentUrl":"https:\/\/www.powerscreen-wa.com\/wp-content\/uploads\/2023\/08\/Powerscreen-of-Washington-logo.svg","width":1047,"height":571,"caption":"Powerscreen of Washington"},"image":{"@id":"https:\/\/www.powerscreen-wa.com\/es\/#\/schema\/logo\/image\/"}}]}},"_links":{"self":[{"href":"https:\/\/www.powerscreen-wa.com\/es\/wp-json\/wp\/v2\/pages\/63549","targetHints":{"allow":["GET"]}}],"collection":[{"href":"https:\/\/www.powerscreen-wa.com\/es\/wp-json\/wp\/v2\/pages"}],"about":[{"href":"https:\/\/www.powerscreen-wa.com\/es\/wp-json\/wp\/v2\/types\/page"}],"author":[{"embeddable":true,"href":"https:\/\/www.powerscreen-wa.com\/es\/wp-json\/wp\/v2\/users\/6"}],"replies":[{"embeddable":true,"href":"https:\/\/www.powerscreen-wa.com\/es\/wp-json\/wp\/v2\/comments?post=63549"}],"version-history":[{"count":2,"href":"https:\/\/www.powerscreen-wa.com\/es\/wp-json\/wp\/v2\/pages\/63549\/revisions"}],"predecessor-version":[{"id":64843,"href":"https:\/\/www.powerscreen-wa.com\/es\/wp-json\/wp\/v2\/pages\/63549\/revisions\/64843"}],"up":[{"embeddable":true,"href":"https:\/\/www.powerscreen-wa.com\/es\/wp-json\/wp\/v2\/pages\/63502"}],"wp:attachment":[{"href":"https:\/\/www.powerscreen-wa.com\/es\/wp-json\/wp\/v2\/media?parent=63549"}],"curies":[{"name":"wp","href":"https:\/\/api.w.org\/{rel}","templated":true}]}}