{"id":63540,"date":"2023-02-06T16:24:19","date_gmt":"2023-02-07T00:24:19","guid":{"rendered":"https:\/\/www.powerscreen-wa.com\/categorias\/lavado\/"},"modified":"2024-10-23T01:54:13","modified_gmt":"2024-10-23T08:54:13","slug":"lavado","status":"publish","type":"page","link":"https:\/\/www.powerscreen-wa.com\/es\/categorias\/lavado\/","title":{"rendered":"Lavado"},"content":{"rendered":"\n\n<div class=\"container\">\n\n    <div class=\"block-header-container\">\n\n                    <h2 class=\"block-header text-center \">Soluciones de lavado de \u00e1ridos a su medida<\/h2>\n                            <div class=\"written block-text lg:text-lg\">Nos esforzamos por ayudar a nuestros clientes a utilizar sus recursos naturales de la forma m\u00e1s eficaz y sostenible.\r\nNuestra velocidad y alcance inigualables se deben a nuestra proximidad a nuestros clientes y a nuestra gran comprensi\u00f3n de sus problemas.\r\nNuestra experiencia en ofrecer soluciones de \u00e9xito que satisfagan las necesidades de nuestros clientes en concreto, operando en entornos dif\u00edciles en toda la Costa Oeste.  <\/div>\n        \n\n    <\/div>\n\n    <div class=\"range-cards \">\n        \n            <div class=\"range-card\">\n                <div class=\"range-card-inner\">\n                    <h3>Lavado de hormig\u00f3n<\/h3>\n                                        <figure class=\"range-image\" style=\"background-image:url(https:\/\/www.powerscreen-wa.com\/wp-content\/uploads\/2023\/02\/product-images_0000s_0012_aggrecover-4edit-600x510.png)\"><\/figure>\n                <\/div>\n                                    <a href=\"https:\/\/www.powerscreen-wa.com\/es\/categorias\/lavado-de-hormigon\/\" class=\"button-primary button-col-primary\" target=\"\">\n                        <span>View Range<\/span>\n                    <\/a>\n                            <\/div>\n        \n            <div class=\"range-card\">\n                <div class=\"range-card-inner\">\n                    <h3>Alimentadores<\/h3>\n                                        <figure class=\"range-image\" style=\"background-image:url(https:\/\/www.powerscreen-wa.com\/wp-content\/uploads\/2023\/02\/product-images_0000s_0010_aggrescalp-600x510.png)\"><\/figure>\n                <\/div>\n                                    <a href=\"https:\/\/www.powerscreen-wa.com\/es\/categorias\/alimentadores\/\" class=\"button-primary button-col-primary\" target=\"\">\n                        <span>View Range<\/span>\n                    <\/a>\n                            <\/div>\n        \n            <div class=\"range-card\">\n                <div class=\"range-card-inner\">\n                    <h3>Soluciones modulares<\/h3>\n                                        <figure class=\"range-image\" style=\"background-image:url(https:\/\/www.powerscreen-wa.com\/wp-content\/uploads\/2023\/02\/product-images_0000s_0009_aggwash-300-600x510.png)\"><\/figure>\n                <\/div>\n                                    <a href=\"https:\/\/www.powerscreen-wa.com\/es\/categorias\/soluciones-modulares\/\" class=\"button-primary button-col-primary\" target=\"\">\n                        <span>View Range<\/span>\n                    <\/a>\n                            <\/div>\n        \n            <div class=\"range-card\">\n                <div class=\"range-card-inner\">\n                    <h3>Gesti\u00f3n del agua<\/h3>\n                                        <figure class=\"range-image\" style=\"background-image:url(https:\/\/www.powerscreen-wa.com\/wp-content\/uploads\/2023\/10\/thickener-tank_final-600x338.png)\"><\/figure>\n                <\/div>\n                                    <a href=\"https:\/\/www.powerscreen-wa.com\/es\/categorias\/gestion-del-agua\/\" class=\"button-primary button-col-primary\" target=\"\">\n                        <span>View Range<\/span>\n                    <\/a>\n                            <\/div>\n        \n            <div class=\"range-card\">\n                <div class=\"range-card-inner\">\n                    <h3>Lavado y clasificaci\u00f3n<\/h3>\n                                        <figure class=\"range-image\" style=\"background-image:url(https:\/\/www.powerscreen-wa.com\/wp-content\/uploads\/2023\/02\/product-images_0000_dw-range-600x510.png)\"><\/figure>\n                <\/div>\n                                    <a href=\"https:\/\/www.powerscreen-wa.com\/es\/categorias\/lavado-y-clasificacion\/\" class=\"button-primary button-col-primary\" target=\"\">\n                        <span>View Range<\/span>\n                    <\/a>\n                            <\/div>\n        \n            <div class=\"range-card\">\n                <div class=\"range-card-inner\">\n                    <h3>Aggreclaim<\/h3>\n                                        <figure class=\"range-image\" style=\"background-image:url(https:\/\/www.powerscreen-wa.com\/wp-content\/uploads\/2023\/02\/product-images_0002s_0001_Aggreclaim-angle-1-1-600x510.png)\"><\/figure>\n                <\/div>\n                                    <a href=\"https:\/\/www.powerscreen-wa.com\/es\/powerscreenproduct\/aggreclaim-fs\/\" class=\"button-primary button-col-primary\" target=\"\">\n                        <span>View Product<\/span>\n                    <\/a>\n                            <\/div>\n            <\/div><\/div>\n\n\n<section id=\"two-col-block_9aaae082829cb785b29501c66c384460\" class=\"two-col-block py-0 ccolumn-bg bg-primary\">\n    \n    <div class=\"two-col-container                                  \">\n        <div class=\"grid grid-cols-1 mb-5 lg:grid-cols-2 lg:mb-0\" style=\"background-color:                                                                                           transparent;\">\n            \n                <div class=\"two-col-column-1                                             two-col-order-1\">\n                                            <img decoding=\"async\" class=\"two-col-image\" src=\"https:\/\/www.powerscreen-wa.com\/wp-content\/uploads\/2023\/02\/MW-PJ-Thory-AggReclaim-39-scaled.jpg\" alt=\"\"\/>\n                    \n\n\n                   \n\n\n                   \n\n\n                <\/div>\n\n\n\n                <div class=\"two-col-column-2                                             two-col-order-2\">\n                    <div class=\"two-col-padding-right\" style=\"padding-top:15px;padding-bottom:15px;\">\n\n                                                    <h2 class=\"two-col-headingtext-white\">Empiece a recuperar arena y grava<\/h2>\n                        \n                        \n                                                            <div class=\"two-col-text writtentext-grey-400\"><p><span data-offset-key=\"18mp8-25-0\">En<\/span><span data-offset-key=\"18mp8-26-0\"> Agg<\/span><span data-offset-key=\"18mp8-27-0\">El sistema de recuperaci\u00f3n de arena y grava Reclaim FS+ es un sistema de recuperaci\u00f3n de arena incre\u00edblemente vers\u00e1til, adecuado para una amplia gama de aplicaciones.<br \/>\nEl FS+ se ha dise\u00f1ado para utilizar una fracci\u00f3n del agua que necesitan las plantas de lavado m\u00e1s grandes, al tiempo que consigue un impresionante rendimiento de tonelaje en un espacio compacto.   <\/span><\/p>\n<\/div>\n                            \n                                                                                                <a class=\"button-primary button-col-primary\" href=\"https:\/\/www.powerscreen-wa.com\/es\/contacte-con-nosotros\/\">Solicitar informaci\u00f3n<\/a>\n                                                            \n                                            <\/div>\n                <\/div>\n\n\n                    <\/div>\n    <\/div>\n<\/section>\n\n\n<section id=\"two-col-block_e954117b671528d5ec789e232547b31a\" class=\"two-col-block py-12 lg:py-24 bg-transparent\">\n    \n    <div class=\"two-col-container                                  container\">\n        <div class=\"grid grid-cols-1 mb-5 lg:grid-cols-2 lg:mb-0\" style=\"background-color:                                                                                           transparent;\">\n            \n                <div class=\"two-col-column-1                                             two-col-order-2\">\n                                            <img decoding=\"async\" class=\"two-col-image\" src=\"https:\/\/www.powerscreen-wa.com\/wp-content\/uploads\/2023\/02\/product-images_0000s_0009_aggwash-300.png\" alt=\"\"\/>\n                    \n\n\n                   \n\n\n                   \n\n\n                <\/div>\n\n\n\n                <div class=\"two-col-column-2                                             two-col-order-1\">\n                    <div class=\"two-col-padding-left\" style=\"padding-top:15px;padding-bottom:15px;\">\n\n                                                    <h2 class=\"two-col-headingtext-primary\">Comprometidos con la soluci\u00f3n adecuada<\/h2>\n                        \n                        \n                                                            <div class=\"two-col-text writtentext-grey\"><p>Nuestro equipo de expertos del sector tiene a\u00f1os de experiencia y un conocimiento de la amplia gama de opciones de maquinaria.<br \/>\nEsto significa que podemos trabajar contigo para comprender tus objetivos y aconsejarte la mejor soluci\u00f3n que se ajuste a tu presupuesto, al tiempo que logras tus metas. <\/p>\n<\/div>\n                            \n                                                                                                <a class=\"button-primary button-col-primary\" href=\"https:\/\/www.powerscreen-wa.com\/es\/contacte-con-nosotros\/\">Solicitar informaci\u00f3n<\/a>\n                                                            \n                                            <\/div>\n                <\/div>\n\n\n                    <\/div>\n    <\/div>\n<\/section>\n\n\n<section id=\"two-col-block_71dd56826165d74b05d36f349f79d58c\" class=\"two-col-block py-0 bg-transparent\">\n    \n<div class=\"block-header-container\">\n            <h1 class=\"block-header text-center \">c\u00f3mo podemos ayudarle<\/h1>\n    \n                    <div class=\"written block-text lg:text-lg\">Disponemos de una amplia gama de opciones de equipamiento y servicios de asistencia para ayudar a nuestros clientes a alcanzar sus objetivos de producci\u00f3n de la forma m\u00e1s eficaz y rentable.<\/div>\n    \n    <\/div>\n    <div class=\"two-col-container                                  container\">\n        <div class=\"grid grid-cols-1 mb-5 lg:grid-cols-2 lg:mb-0\" style=\"background-color:                                                                                           transparent;\">\n                    \n    <div class=\"custom-call-to-action-outer \" style=\"\">\n    \n        <div class=\"custom-call-to-action\" >\n                            <h3 class=\"cta-heading\">Equipos usados<\/h3>\n                            <p class=\"cta-text\">Si no desea adquirir una m\u00e1quina nueva, nuestro equipo de expertos en equipos usados dispone de una gama de opciones de maquinaria usada que puede considerar.<\/p>\n            \n\n                        \n\n                                                                                            <a class=\"cta-button\" href=\"https:\/\/www.powerscreen-wa.com\/es\/usado\/\">Ver Stock Usado<\/a>\n                                                             \n\n\n\n        <\/div>\n\n    <\/div>\n        \n    <div class=\"custom-call-to-action-outer has-background-image\" style=\"background-image: url(https:\/\/www.powerscreen-wa.com\/wp-content\/uploads\/2023\/02\/Aftercare-2-600x402.png)\">\n    \n        <div class=\"custom-call-to-action\" >\n                            <h3 class=\"cta-heading\">Piezas y servicio<\/h3>\n                            <p class=\"cta-text\">El tiempo de actividad es fundamental, independientemente del tipo de equipo que utilices.\r\nSomos conscientes de ello y combinamos capacidades de servicio eficaces y piezas originales para que sigas produciendo. <\/p>\n            \n\n                        \n\n                                                                                            <a class=\"cta-button\" href=\"https:\/\/www.powerscreen-wa.com\/es\/cuidado-posterior\/\">M\u00e1s informaci\u00f3n<\/a>\n                                                             \n\n\n\n        <\/div>\n\n    <\/div>\n        <\/div>\n    <\/div>\n<\/section>\n\n\n<div style=\"height:100px\" aria-hidden=\"true\" class=\"wp-block-spacer\"><\/div>\n","protected":false},"excerpt":{"rendered":"","protected":false},"author":6,"featured_media":0,"parent":63502,"menu_order":0,"comment_status":"closed","ping_status":"closed","template":"","meta":{"_acf_changed":false,"footnotes":""},"class_list":["post-63540","page","type-page","status-publish","hentry"],"acf":[],"yoast_head":"<!-- This site is optimized with the Yoast SEO plugin v27.5 - https:\/\/yoast.com\/product\/yoast-seo-wordpress\/ -->\n<title>Soluciones de lavado de \u00e1ridos | Powerscreen of Washington<\/title>\n<meta name=\"description\" content=\"Las soluciones de lavado de materiales est\u00e1n dise\u00f1adas para proporcionar una producci\u00f3n de arena de la m\u00e1s alta calidad mediante un lavado, una clasificaci\u00f3n y una deshidrataci\u00f3n eficaces.\" \/>\n<meta name=\"robots\" content=\"index, follow, max-snippet:-1, max-image-preview:large, max-video-preview:-1\" \/>\n<link rel=\"canonical\" href=\"https:\/\/www.powerscreen-wa.com\/es\/categorias\/lavado\/\" \/>\n<meta property=\"og:locale\" content=\"es_ES\" \/>\n<meta property=\"og:type\" content=\"article\" \/>\n<meta property=\"og:title\" content=\"Soluciones de lavado de \u00e1ridos | Powerscreen of Washington\" \/>\n<meta property=\"og:description\" content=\"Las soluciones de lavado de materiales est\u00e1n dise\u00f1adas para proporcionar una producci\u00f3n de arena de la m\u00e1s alta calidad mediante un lavado, una clasificaci\u00f3n y una deshidrataci\u00f3n eficaces.\" \/>\n<meta property=\"og:url\" content=\"https:\/\/www.powerscreen-wa.com\/es\/categorias\/lavado\/\" \/>\n<meta property=\"og:site_name\" content=\"Powerscreen of Washington\" \/>\n<meta property=\"article:modified_time\" content=\"2024-10-23T08:54:13+00:00\" \/>\n<meta name=\"twitter:card\" content=\"summary_large_image\" \/>\n<script type=\"application\/ld+json\" class=\"yoast-schema-graph\">{\"@context\":\"https:\\\/\\\/schema.org\",\"@graph\":[{\"@type\":\"WebPage\",\"@id\":\"https:\\\/\\\/www.powerscreen-wa.com\\\/es\\\/categorias\\\/lavado\\\/\",\"url\":\"https:\\\/\\\/www.powerscreen-wa.com\\\/es\\\/categorias\\\/lavado\\\/\",\"name\":\"Soluciones de lavado de \u00e1ridos | Powerscreen of Washington\",\"isPartOf\":{\"@id\":\"https:\\\/\\\/www.powerscreen-wa.com\\\/es\\\/#website\"},\"datePublished\":\"2023-02-07T00:24:19+00:00\",\"dateModified\":\"2024-10-23T08:54:13+00:00\",\"description\":\"Las soluciones de lavado de materiales est\u00e1n dise\u00f1adas para proporcionar una producci\u00f3n de arena de la m\u00e1s alta calidad mediante un lavado, una clasificaci\u00f3n y una deshidrataci\u00f3n eficaces.\",\"breadcrumb\":{\"@id\":\"https:\\\/\\\/www.powerscreen-wa.com\\\/es\\\/categorias\\\/lavado\\\/#breadcrumb\"},\"inLanguage\":\"es\",\"potentialAction\":[{\"@type\":\"ReadAction\",\"target\":[\"https:\\\/\\\/www.powerscreen-wa.com\\\/es\\\/categorias\\\/lavado\\\/\"]}]},{\"@type\":\"BreadcrumbList\",\"@id\":\"https:\\\/\\\/www.powerscreen-wa.com\\\/es\\\/categorias\\\/lavado\\\/#breadcrumb\",\"itemListElement\":[{\"@type\":\"ListItem\",\"position\":1,\"name\":\"Inicio\",\"item\":\"https:\\\/\\\/www.powerscreen-wa.com\\\/es\\\/\"},{\"@type\":\"ListItem\",\"position\":2,\"name\":\"Categor\u00edas\",\"item\":\"https:\\\/\\\/www.powerscreen-wa.com\\\/es\\\/categorias\\\/\"},{\"@type\":\"ListItem\",\"position\":3,\"name\":\"Lavado\"}]},{\"@type\":\"WebSite\",\"@id\":\"https:\\\/\\\/www.powerscreen-wa.com\\\/es\\\/#website\",\"url\":\"https:\\\/\\\/www.powerscreen-wa.com\\\/es\\\/\",\"name\":\"Powerscreen of Washington\",\"description\":\"The West Coast\u2019s Leading Independent Dealer For Materials Processing Equipment\",\"publisher\":{\"@id\":\"https:\\\/\\\/www.powerscreen-wa.com\\\/es\\\/#organization\"},\"potentialAction\":[{\"@type\":\"SearchAction\",\"target\":{\"@type\":\"EntryPoint\",\"urlTemplate\":\"https:\\\/\\\/www.powerscreen-wa.com\\\/es\\\/?s={search_term_string}\"},\"query-input\":{\"@type\":\"PropertyValueSpecification\",\"valueRequired\":true,\"valueName\":\"search_term_string\"}}],\"inLanguage\":\"es\"},{\"@type\":\"Organization\",\"@id\":\"https:\\\/\\\/www.powerscreen-wa.com\\\/es\\\/#organization\",\"name\":\"Powerscreen of Washington\",\"url\":\"https:\\\/\\\/www.powerscreen-wa.com\\\/es\\\/\",\"logo\":{\"@type\":\"ImageObject\",\"inLanguage\":\"es\",\"@id\":\"https:\\\/\\\/www.powerscreen-wa.com\\\/es\\\/#\\\/schema\\\/logo\\\/image\\\/\",\"url\":\"https:\\\/\\\/www.powerscreen-wa.com\\\/wp-content\\\/uploads\\\/2023\\\/08\\\/Powerscreen-of-Washington-logo.svg\",\"contentUrl\":\"https:\\\/\\\/www.powerscreen-wa.com\\\/wp-content\\\/uploads\\\/2023\\\/08\\\/Powerscreen-of-Washington-logo.svg\",\"width\":1047,\"height\":571,\"caption\":\"Powerscreen of Washington\"},\"image\":{\"@id\":\"https:\\\/\\\/www.powerscreen-wa.com\\\/es\\\/#\\\/schema\\\/logo\\\/image\\\/\"}}]}<\/script>\n<!-- \/ Yoast SEO plugin. -->","yoast_head_json":{"title":"Soluciones de lavado de \u00e1ridos | Powerscreen of Washington","description":"Las soluciones de lavado de materiales est\u00e1n dise\u00f1adas para proporcionar una producci\u00f3n de arena de la m\u00e1s alta calidad mediante un lavado, una clasificaci\u00f3n y una deshidrataci\u00f3n eficaces.","robots":{"index":"index","follow":"follow","max-snippet":"max-snippet:-1","max-image-preview":"max-image-preview:large","max-video-preview":"max-video-preview:-1"},"canonical":"https:\/\/www.powerscreen-wa.com\/es\/categorias\/lavado\/","og_locale":"es_ES","og_type":"article","og_title":"Soluciones de lavado de \u00e1ridos | Powerscreen of Washington","og_description":"Las soluciones de lavado de materiales est\u00e1n dise\u00f1adas para proporcionar una producci\u00f3n de arena de la m\u00e1s alta calidad mediante un lavado, una clasificaci\u00f3n y una deshidrataci\u00f3n eficaces.","og_url":"https:\/\/www.powerscreen-wa.com\/es\/categorias\/lavado\/","og_site_name":"Powerscreen of Washington","article_modified_time":"2024-10-23T08:54:13+00:00","twitter_card":"summary_large_image","schema":{"@context":"https:\/\/schema.org","@graph":[{"@type":"WebPage","@id":"https:\/\/www.powerscreen-wa.com\/es\/categorias\/lavado\/","url":"https:\/\/www.powerscreen-wa.com\/es\/categorias\/lavado\/","name":"Soluciones de lavado de \u00e1ridos | Powerscreen of Washington","isPartOf":{"@id":"https:\/\/www.powerscreen-wa.com\/es\/#website"},"datePublished":"2023-02-07T00:24:19+00:00","dateModified":"2024-10-23T08:54:13+00:00","description":"Las soluciones de lavado de materiales est\u00e1n dise\u00f1adas para proporcionar una producci\u00f3n de arena de la m\u00e1s alta calidad mediante un lavado, una clasificaci\u00f3n y una deshidrataci\u00f3n eficaces.","breadcrumb":{"@id":"https:\/\/www.powerscreen-wa.com\/es\/categorias\/lavado\/#breadcrumb"},"inLanguage":"es","potentialAction":[{"@type":"ReadAction","target":["https:\/\/www.powerscreen-wa.com\/es\/categorias\/lavado\/"]}]},{"@type":"BreadcrumbList","@id":"https:\/\/www.powerscreen-wa.com\/es\/categorias\/lavado\/#breadcrumb","itemListElement":[{"@type":"ListItem","position":1,"name":"Inicio","item":"https:\/\/www.powerscreen-wa.com\/es\/"},{"@type":"ListItem","position":2,"name":"Categor\u00edas","item":"https:\/\/www.powerscreen-wa.com\/es\/categorias\/"},{"@type":"ListItem","position":3,"name":"Lavado"}]},{"@type":"WebSite","@id":"https:\/\/www.powerscreen-wa.com\/es\/#website","url":"https:\/\/www.powerscreen-wa.com\/es\/","name":"Powerscreen of Washington","description":"The West Coast\u2019s Leading Independent Dealer For Materials Processing Equipment","publisher":{"@id":"https:\/\/www.powerscreen-wa.com\/es\/#organization"},"potentialAction":[{"@type":"SearchAction","target":{"@type":"EntryPoint","urlTemplate":"https:\/\/www.powerscreen-wa.com\/es\/?s={search_term_string}"},"query-input":{"@type":"PropertyValueSpecification","valueRequired":true,"valueName":"search_term_string"}}],"inLanguage":"es"},{"@type":"Organization","@id":"https:\/\/www.powerscreen-wa.com\/es\/#organization","name":"Powerscreen of Washington","url":"https:\/\/www.powerscreen-wa.com\/es\/","logo":{"@type":"ImageObject","inLanguage":"es","@id":"https:\/\/www.powerscreen-wa.com\/es\/#\/schema\/logo\/image\/","url":"https:\/\/www.powerscreen-wa.com\/wp-content\/uploads\/2023\/08\/Powerscreen-of-Washington-logo.svg","contentUrl":"https:\/\/www.powerscreen-wa.com\/wp-content\/uploads\/2023\/08\/Powerscreen-of-Washington-logo.svg","width":1047,"height":571,"caption":"Powerscreen of Washington"},"image":{"@id":"https:\/\/www.powerscreen-wa.com\/es\/#\/schema\/logo\/image\/"}}]}},"_links":{"self":[{"href":"https:\/\/www.powerscreen-wa.com\/es\/wp-json\/wp\/v2\/pages\/63540","targetHints":{"allow":["GET"]}}],"collection":[{"href":"https:\/\/www.powerscreen-wa.com\/es\/wp-json\/wp\/v2\/pages"}],"about":[{"href":"https:\/\/www.powerscreen-wa.com\/es\/wp-json\/wp\/v2\/types\/page"}],"author":[{"embeddable":true,"href":"https:\/\/www.powerscreen-wa.com\/es\/wp-json\/wp\/v2\/users\/6"}],"replies":[{"embeddable":true,"href":"https:\/\/www.powerscreen-wa.com\/es\/wp-json\/wp\/v2\/comments?post=63540"}],"version-history":[{"count":2,"href":"https:\/\/www.powerscreen-wa.com\/es\/wp-json\/wp\/v2\/pages\/63540\/revisions"}],"predecessor-version":[{"id":64857,"href":"https:\/\/www.powerscreen-wa.com\/es\/wp-json\/wp\/v2\/pages\/63540\/revisions\/64857"}],"up":[{"embeddable":true,"href":"https:\/\/www.powerscreen-wa.com\/es\/wp-json\/wp\/v2\/pages\/63502"}],"wp:attachment":[{"href":"https:\/\/www.powerscreen-wa.com\/es\/wp-json\/wp\/v2\/media?parent=63540"}],"curies":[{"name":"wp","href":"https:\/\/api.w.org\/{rel}","templated":true}]}}