{"id":63529,"date":"2023-02-06T16:15:45","date_gmt":"2023-02-07T00:15:45","guid":{"rendered":"https:\/\/www.powerscreen-wa.com\/categorias\/descortezadoras-de-mayales-y-astilladoras-de-disco\/"},"modified":"2024-10-17T03:23:37","modified_gmt":"2024-10-17T10:23:37","slug":"descortezadoras-de-mayales-y-astilladoras-de-disco","status":"publish","type":"page","link":"https:\/\/www.powerscreen-wa.com\/es\/categorias\/descortezadoras-de-mayales-y-astilladoras-de-disco\/","title":{"rendered":"Descortezadoras de mayales y astilladoras de disco"},"content":{"rendered":"\n\n<div class=\"container\">\n\n    <div class=\"block-header-container\">\n\n                    <h2 class=\"block-header text-center \">Revolucionar el tratamiento de la madera<\/h2>\n                            <div class=\"written block-text lg:text-lg\">Experimenta la potencia de las descortezadoras de mayales y las astilladoras de disco.\nMaximiza el procesamiento de la madera con estas m\u00e1quinas revolucionarias. <\/div>\n        \n\n    <\/div>\n\n<pre><\/pre>\n    \n<form class=\"sort-wrapper container\" name=\"ps-sortform\" action=\"#\" method=\"get\">\n        <div class=\"filters\">\n                            <select class=\"dynamic-sort\" name=\"brand filter-select\" id=\"brand\">\n                     <option value=\"default\" disabled selected>Marca<\/option>\n                   <option value=\"cbi\">CBI<\/option>                <\/select>\n            \n            \n                <select class=\"dynamic-sort\" name=\"category filter-select\" id=\"category\">\n\n                    <option value=\"default\" disabled selected>Categor\u00eda<\/option>\n                                                                        <option value=\"descortezadoras-de-mayales-y-astilladoras-de-disco\">Descortezadoras de mayales y astilladoras de disco<\/option>\n                                                            <\/select>\n\n            \n                    <\/div>\n\n                \n        <p class=\"product-count flex items-center\">4 Productos<\/p>\n        \n        <div class=\"sort-by\">\n            <select class=\"dynamic-sort\" name=\"sortby\" id=\"sorter\">\n                                                                                        <option value=\"default\" disabled selected>Ordenar por<\/option>\n                                                                                                                                    <option value=\"machine-weight\">Peso de la m\u00e1quina<\/option>\n                                                                                                                                    <option value=\"title-asc\">Nombre (A-Z)<\/option>\n                                                                                                                                    <option value=\"title-desc\">Nombre (Z-A)<\/option>\n                                                                        <\/select>\n        <\/div>\n                <input type=\"hidden\" name=\"sorter\" value=\"submit\">\n    <\/form>\n<div class=\"container ranges-single\">\n\n    \n            <div class=\"product-card\">\n                <div class=\"product-card-inner\">\n                                        <div class=\"pc-image\" style=\"background-image:url(https:\/\/www.powerscreen-wa.com\/wp-content\/uploads\/2023\/02\/product-images_0062_CBI-604-Series.png)\"><\/div>\n                    <h3>Serie CBI 604<\/h3>\n                    <div class=\"pc-tag_wrapper\">\n                        <div class=\"pc-tag\">Descortezadoras de mayales y astilladoras de disco<\/div>                    <\/div>\n                    <div class=\"pc-shortdesc\">\n                        Ninguna otra descortezadora de mayales del sector es m\u00e1s robusta que la CBI Magnum Force Flail 604.                    <\/div>\n                <\/div>\n                <div class=\"product-card-links\">\n                    <a href=\"https:\/\/www.powerscreen-wa.com\/es\/powerscreenproduct\/serie-cbi-604\/\" class=\"text-black underline uppercase font-quicksand hover:text-teal\">\n                        Ver detalles del modelo                    <\/a>\n                                            <a class=\"pc-button pc-button-primary\" href=\"\/wp-content\/uploads\/2023\/02\/604_flail_debarker_brochure.pdf\" download=\"brochure\">\n                            Descargar folleto                        <\/a>\n                                        <button class=\"pc-button pc-button-secondary\">\n                        <div onclick=\"quotepopup('Serie CBI 604')\">\n                            Solicitar presupuesto                        <\/div>\n                    <\/button>\n                <\/div>\n            <\/div>\n    \n            <div class=\"product-card\">\n                <div class=\"product-card-inner\">\n                                        <div class=\"pc-image\" style=\"background-image:url(https:\/\/www.powerscreen-wa.com\/wp-content\/uploads\/2023\/02\/product-images_0059_CBI-5800BT.png)\"><\/div>\n                    <h3>CBI 5800BT<\/h3>\n                    <div class=\"pc-tag_wrapper\">\n                        <div class=\"pc-tag\">Descortezadoras de mayales y astilladoras de disco<\/div>                    <\/div>\n                    <div class=\"pc-shortdesc\">\n                        Ninguna otra trituradora horizontal de madera soluciona los quebraderos de cabeza de las&#8230;                    <\/div>\n                <\/div>\n                <div class=\"product-card-links\">\n                    <a href=\"https:\/\/www.powerscreen-wa.com\/es\/powerscreenproduct\/cbi-5800bt\/\" class=\"text-black underline uppercase font-quicksand hover:text-teal\">\n                        Ver detalles del modelo                    <\/a>\n                                            <a class=\"pc-button pc-button-primary\" href=\"\/wp-content\/uploads\/2023\/02\/5800BT_Brochure.pdf\" download=\"brochure\">\n                            Descargar folleto                        <\/a>\n                                        <button class=\"pc-button pc-button-secondary\">\n                        <div onclick=\"quotepopup('CBI 5800BT')\">\n                            Solicitar presupuesto                        <\/div>\n                    <\/button>\n                <\/div>\n            <\/div>\n    \n            <div class=\"product-card\">\n                <div class=\"product-card-inner\">\n                                        <div class=\"pc-image\" style=\"background-image:url(https:\/\/www.powerscreen-wa.com\/wp-content\/uploads\/2023\/02\/product-images_0060_CBI-6800CT.png)\"><\/div>\n                    <h3>CBI 6800CT<\/h3>\n                    <div class=\"pc-tag_wrapper\">\n                        <div class=\"pc-tag\">Descortezadoras de mayales y astilladoras de disco<\/div>                    <\/div>\n                    <div class=\"pc-shortdesc\">\n                        La amoladora horizontal CBI Magnum Force 6800CT ha sido dise\u00f1ada para superar a todas las&#8230;                    <\/div>\n                <\/div>\n                <div class=\"product-card-links\">\n                    <a href=\"https:\/\/www.powerscreen-wa.com\/es\/powerscreenproduct\/cbi-6800ct\/\" class=\"text-black underline uppercase font-quicksand hover:text-teal\">\n                        Ver detalles del modelo                    <\/a>\n                                            <a class=\"pc-button pc-button-primary\" href=\"\/wp-content\/uploads\/2023\/02\/6800ct-horizontal-grinder-brochure_webbe044f9c65624e768bf2f8f245bdf5b3.pdf\" download=\"brochure\">\n                            Descargar folleto                        <\/a>\n                                        <button class=\"pc-button pc-button-secondary\">\n                        <div onclick=\"quotepopup('CBI 6800CT')\">\n                            Solicitar presupuesto                        <\/div>\n                    <\/button>\n                <\/div>\n            <\/div>\n    \n            <div class=\"product-card\">\n                <div class=\"product-card-inner\">\n                                        <div class=\"pc-image\" style=\"background-image:url(https:\/\/www.powerscreen-wa.com\/wp-content\/uploads\/2023\/02\/product-images_0061_CBI-7544.png)\"><\/div>\n                    <h3>CBI 7544<\/h3>\n                    <div class=\"pc-tag_wrapper\">\n                        <div class=\"pc-tag\">Descortezadoras de mayales y astilladoras de disco<\/div>                    <\/div>\n                    <div class=\"pc-shortdesc\">\n                        Combinando el CBI Magnum Force Flail 604 y la CBI Magnum Force 754 Disc Chipper, el reci\u00e9n lanzado&#8230;                    <\/div>\n                <\/div>\n                <div class=\"product-card-links\">\n                    <a href=\"https:\/\/www.powerscreen-wa.com\/es\/powerscreenproduct\/cbi-7544\/\" class=\"text-black underline uppercase font-quicksand hover:text-teal\">\n                        Ver detalles del modelo                    <\/a>\n                                            <a class=\"pc-button pc-button-primary\" href=\"\/wp-content\/uploads\/2023\/02\/7544-flail-and-disc-chipper_web-1.pdf\" download=\"brochure\">\n                            Descargar folleto                        <\/a>\n                                        <button class=\"pc-button pc-button-secondary\">\n                        <div onclick=\"quotepopup('CBI 7544')\">\n                            Solicitar presupuesto                        <\/div>\n                    <\/button>\n                <\/div>\n            <\/div>\n    <\/div>\n\n    \n<style>\n    .pagination {\n    display: flex;\n    flex-direction: row;\n    align-items: center;\n    justify-content: center;\n    margin-bottom: 45px;\n}\n\n.page-numbers {\n    padding: 5px;\n    margin: 0 5px;\n    width: 30px;\n    background: red;\n    height: 30px;\n    display: flex;\n    justify-content: center;\n    align-items: center;\n    border: 2px solid red;\n    border-radius: 5px;\n    color: white;\n}\n\n.page-numbers.current {\n    background-color: transparent;\n    color: black;\n}\n<\/style><\/div>\n<section id=\"two-col-block_faa3392f62db28002bcf4de251226738\" class=\"two-col-block py-0 ccolumn-bg bg-primary\">\n    \n    <div class=\"two-col-container                                  \">\n        <div class=\"grid grid-cols-1 mb-5 lg:grid-cols-2 lg:mb-0\" style=\"background-color:                                                                                           transparent;\">\n            \n                <div class=\"two-col-column-1                                             two-col-order-1\">\n                                            <img decoding=\"async\" class=\"two-col-image\" src=\"https:\/\/www.powerscreen-wa.com\/wp-content\/uploads\/2023\/10\/604-CBI-Track-Flail.jpg\" alt=\"\"\/>\n                    \n\n\n                   \n\n\n                   \n\n\n                <\/div>\n\n\n\n                <div class=\"two-col-column-2                                             two-col-order-2\">\n                    <div class=\"two-col-padding-right\" style=\"padding-top:15px;padding-bottom:15px;\">\n\n                                                    <h2 class=\"two-col-headingtext-white\">Racionaliza tu tratamiento de la madera<\/h2>\n                        \n                        \n                                                            <div class=\"two-col-text writtentext-grey-400\"><p>Las descortezadoras de mayales est\u00e1n dise\u00f1adas espec\u00edficamente para eliminar la corteza de los troncos, garantizando una superficie limpia y lisa para su posterior procesamiento.<br \/>\nUtilizan cadenas giratorias o mayales para desprender la corteza, ahorrando tiempo y esfuerzo.<br \/>\nLas Astilladoras de Disco son perfectas para transformar troncos y ramas en astillas de madera de alta calidad.<br \/>\nIncorporan discos de corte afilados que astillan la madera con rapidez y eficacia, haci\u00e9ndola ideal para diversas aplicaciones como jardiner\u00eda, combustible de biomasa y producci\u00f3n de pulpa y papel.<br \/>\nCon estas potentes m\u00e1quinas, puedes agilizar tus operaciones y maximizar la producci\u00f3n.<br \/>\nCambia tu juego de procesamiento de madera. <\/p>\n<\/div>\n                            \n                                                                                                <a class=\"button-primary button-col-primary\" href=\"https:\/\/www.powerscreen-wa.com\/categories\/flail-debarkers-disk-chippers\/\">M\u00e1s informaci\u00f3n<\/a>\n                                                            \n                                            <\/div>\n                <\/div>\n\n\n                    <\/div>\n    <\/div>\n<\/section>\n<section id=\"two-col-block_345743529337523cbd3b0dfa20347940\" class=\"two-col-block py-12 lg:py-24 ccolumn-bg bg-transparent\">\n    \n    <div class=\"two-col-container                                  container\">\n        <div class=\"grid grid-cols-1 mb-5 lg:grid-cols-2 lg:mb-0\" style=\"background-color:                                                                                           transparent;\">\n            \n                <div class=\"two-col-column-1                                             two-col-order-2\">\n                                            <img decoding=\"async\" class=\"two-col-image\" src=\"https:\/\/www.powerscreen-wa.com\/wp-content\/uploads\/2023\/10\/754-disc-chipper.jpg\" alt=\"\"\/>\n                    \n\n\n                   \n\n\n                   \n\n\n                <\/div>\n\n\n\n                <div class=\"two-col-column-2                                             two-col-order-1\">\n                    <div class=\"two-col-padding-left\" style=\"padding-top:15px;padding-bottom:15px;\">\n\n                                                    <h2 class=\"two-col-headingtext-primary\">As\u00f3ciese con nosotros<\/h2>\n                        \n                        \n                                                            <div class=\"two-col-text writtentext-grey\"><div class=\"two-col-text written text-grey\">\n<p>Nuestro equipo de expertos del sector tiene a\u00f1os de experiencia y un conocimiento de la amplia gama de opciones de maquinaria.<br \/>\nEsto significa que podemos trabajar contigo para comprender tus objetivos y aconsejarte la mejor soluci\u00f3n que se ajuste a tu presupuesto, al tiempo que logras tus metas. <\/p>\n<\/div>\n<\/div>\n                            \n                                                                                                <a class=\"button-primary button-col-primary\" href=\"https:\/\/www.powerscreen-wa.com\/contact\/\">Contacte con nosotros<\/a>\n                                                            \n                                            <\/div>\n                <\/div>\n\n\n                    <\/div>\n    <\/div>\n<\/section>","protected":false},"excerpt":{"rendered":"","protected":false},"author":6,"featured_media":0,"parent":63502,"menu_order":0,"comment_status":"closed","ping_status":"closed","template":"","meta":{"_acf_changed":false,"footnotes":""},"class_list":["post-63529","page","type-page","status-publish","hentry"],"acf":[],"yoast_head":"<!-- This site is optimized with the Yoast SEO plugin v27.3 - https:\/\/yoast.com\/product\/yoast-seo-wordpress\/ -->\n<title>Descortezadoras de mayales y astilladoras de disco - Powerscreen of Washington<\/title>\n<meta name=\"description\" content=\"We are a leading independent new &amp; used industrial equipment dealer. Learn more about Descortezadoras de mayales y astilladoras de disco here.\" \/>\n<meta name=\"robots\" content=\"index, follow, max-snippet:-1, max-image-preview:large, max-video-preview:-1\" \/>\n<link rel=\"canonical\" href=\"https:\/\/www.powerscreen-wa.com\/es\/categorias\/descortezadoras-de-mayales-y-astilladoras-de-disco\/\" \/>\n<meta property=\"og:locale\" content=\"es_ES\" \/>\n<meta property=\"og:type\" content=\"article\" \/>\n<meta property=\"og:title\" content=\"Descortezadoras de mayales y astilladoras de disco - Powerscreen of Washington\" \/>\n<meta property=\"og:description\" content=\"We are a leading independent new &amp; used industrial equipment dealer. Learn more about Descortezadoras de mayales y astilladoras de disco here.\" \/>\n<meta property=\"og:url\" content=\"https:\/\/www.powerscreen-wa.com\/es\/categorias\/descortezadoras-de-mayales-y-astilladoras-de-disco\/\" \/>\n<meta property=\"og:site_name\" content=\"Powerscreen of Washington\" \/>\n<meta property=\"article:modified_time\" content=\"2024-10-17T10:23:37+00:00\" \/>\n<meta name=\"twitter:card\" content=\"summary_large_image\" \/>\n<script type=\"application\/ld+json\" class=\"yoast-schema-graph\">{\"@context\":\"https:\\\/\\\/schema.org\",\"@graph\":[{\"@type\":\"WebPage\",\"@id\":\"https:\\\/\\\/www.powerscreen-wa.com\\\/es\\\/categorias\\\/descortezadoras-de-mayales-y-astilladoras-de-disco\\\/\",\"url\":\"https:\\\/\\\/www.powerscreen-wa.com\\\/es\\\/categorias\\\/descortezadoras-de-mayales-y-astilladoras-de-disco\\\/\",\"name\":\"Descortezadoras de mayales y astilladoras de disco - Powerscreen of Washington\",\"isPartOf\":{\"@id\":\"https:\\\/\\\/www.powerscreen-wa.com\\\/es\\\/#website\"},\"datePublished\":\"2023-02-07T00:15:45+00:00\",\"dateModified\":\"2024-10-17T10:23:37+00:00\",\"description\":\"We are a leading independent new &amp; used industrial equipment dealer. Learn more about Descortezadoras de mayales y astilladoras de disco here.\",\"breadcrumb\":{\"@id\":\"https:\\\/\\\/www.powerscreen-wa.com\\\/es\\\/categorias\\\/descortezadoras-de-mayales-y-astilladoras-de-disco\\\/#breadcrumb\"},\"inLanguage\":\"es\",\"potentialAction\":[{\"@type\":\"ReadAction\",\"target\":[\"https:\\\/\\\/www.powerscreen-wa.com\\\/es\\\/categorias\\\/descortezadoras-de-mayales-y-astilladoras-de-disco\\\/\"]}]},{\"@type\":\"BreadcrumbList\",\"@id\":\"https:\\\/\\\/www.powerscreen-wa.com\\\/es\\\/categorias\\\/descortezadoras-de-mayales-y-astilladoras-de-disco\\\/#breadcrumb\",\"itemListElement\":[{\"@type\":\"ListItem\",\"position\":1,\"name\":\"Inicio\",\"item\":\"https:\\\/\\\/www.powerscreen-wa.com\\\/es\\\/\"},{\"@type\":\"ListItem\",\"position\":2,\"name\":\"Categor\u00edas\",\"item\":\"https:\\\/\\\/www.powerscreen-wa.com\\\/es\\\/categorias\\\/\"},{\"@type\":\"ListItem\",\"position\":3,\"name\":\"Descortezadoras de mayales y astilladoras de disco\"}]},{\"@type\":\"WebSite\",\"@id\":\"https:\\\/\\\/www.powerscreen-wa.com\\\/es\\\/#website\",\"url\":\"https:\\\/\\\/www.powerscreen-wa.com\\\/es\\\/\",\"name\":\"Powerscreen of Washington\",\"description\":\"The West Coast\u2019s Leading Independent Dealer For Materials Processing Equipment\",\"publisher\":{\"@id\":\"https:\\\/\\\/www.powerscreen-wa.com\\\/es\\\/#organization\"},\"potentialAction\":[{\"@type\":\"SearchAction\",\"target\":{\"@type\":\"EntryPoint\",\"urlTemplate\":\"https:\\\/\\\/www.powerscreen-wa.com\\\/es\\\/?s={search_term_string}\"},\"query-input\":{\"@type\":\"PropertyValueSpecification\",\"valueRequired\":true,\"valueName\":\"search_term_string\"}}],\"inLanguage\":\"es\"},{\"@type\":\"Organization\",\"@id\":\"https:\\\/\\\/www.powerscreen-wa.com\\\/es\\\/#organization\",\"name\":\"Powerscreen of Washington\",\"url\":\"https:\\\/\\\/www.powerscreen-wa.com\\\/es\\\/\",\"logo\":{\"@type\":\"ImageObject\",\"inLanguage\":\"es\",\"@id\":\"https:\\\/\\\/www.powerscreen-wa.com\\\/es\\\/#\\\/schema\\\/logo\\\/image\\\/\",\"url\":\"https:\\\/\\\/www.powerscreen-wa.com\\\/wp-content\\\/uploads\\\/2023\\\/08\\\/Powerscreen-of-Washington-logo.svg\",\"contentUrl\":\"https:\\\/\\\/www.powerscreen-wa.com\\\/wp-content\\\/uploads\\\/2023\\\/08\\\/Powerscreen-of-Washington-logo.svg\",\"width\":1047,\"height\":571,\"caption\":\"Powerscreen of Washington\"},\"image\":{\"@id\":\"https:\\\/\\\/www.powerscreen-wa.com\\\/es\\\/#\\\/schema\\\/logo\\\/image\\\/\"}}]}<\/script>\n<!-- \/ Yoast SEO plugin. -->","yoast_head_json":{"title":"Descortezadoras de mayales y astilladoras de disco - Powerscreen of Washington","description":"We are a leading independent new &amp; used industrial equipment dealer. Learn more about Descortezadoras de mayales y astilladoras de disco here.","robots":{"index":"index","follow":"follow","max-snippet":"max-snippet:-1","max-image-preview":"max-image-preview:large","max-video-preview":"max-video-preview:-1"},"canonical":"https:\/\/www.powerscreen-wa.com\/es\/categorias\/descortezadoras-de-mayales-y-astilladoras-de-disco\/","og_locale":"es_ES","og_type":"article","og_title":"Descortezadoras de mayales y astilladoras de disco - Powerscreen of Washington","og_description":"We are a leading independent new &amp; used industrial equipment dealer. Learn more about Descortezadoras de mayales y astilladoras de disco here.","og_url":"https:\/\/www.powerscreen-wa.com\/es\/categorias\/descortezadoras-de-mayales-y-astilladoras-de-disco\/","og_site_name":"Powerscreen of Washington","article_modified_time":"2024-10-17T10:23:37+00:00","twitter_card":"summary_large_image","schema":{"@context":"https:\/\/schema.org","@graph":[{"@type":"WebPage","@id":"https:\/\/www.powerscreen-wa.com\/es\/categorias\/descortezadoras-de-mayales-y-astilladoras-de-disco\/","url":"https:\/\/www.powerscreen-wa.com\/es\/categorias\/descortezadoras-de-mayales-y-astilladoras-de-disco\/","name":"Descortezadoras de mayales y astilladoras de disco - Powerscreen of Washington","isPartOf":{"@id":"https:\/\/www.powerscreen-wa.com\/es\/#website"},"datePublished":"2023-02-07T00:15:45+00:00","dateModified":"2024-10-17T10:23:37+00:00","description":"We are a leading independent new &amp; used industrial equipment dealer. Learn more about Descortezadoras de mayales y astilladoras de disco here.","breadcrumb":{"@id":"https:\/\/www.powerscreen-wa.com\/es\/categorias\/descortezadoras-de-mayales-y-astilladoras-de-disco\/#breadcrumb"},"inLanguage":"es","potentialAction":[{"@type":"ReadAction","target":["https:\/\/www.powerscreen-wa.com\/es\/categorias\/descortezadoras-de-mayales-y-astilladoras-de-disco\/"]}]},{"@type":"BreadcrumbList","@id":"https:\/\/www.powerscreen-wa.com\/es\/categorias\/descortezadoras-de-mayales-y-astilladoras-de-disco\/#breadcrumb","itemListElement":[{"@type":"ListItem","position":1,"name":"Inicio","item":"https:\/\/www.powerscreen-wa.com\/es\/"},{"@type":"ListItem","position":2,"name":"Categor\u00edas","item":"https:\/\/www.powerscreen-wa.com\/es\/categorias\/"},{"@type":"ListItem","position":3,"name":"Descortezadoras de mayales y astilladoras de disco"}]},{"@type":"WebSite","@id":"https:\/\/www.powerscreen-wa.com\/es\/#website","url":"https:\/\/www.powerscreen-wa.com\/es\/","name":"Powerscreen of Washington","description":"The West Coast\u2019s Leading Independent Dealer For Materials Processing Equipment","publisher":{"@id":"https:\/\/www.powerscreen-wa.com\/es\/#organization"},"potentialAction":[{"@type":"SearchAction","target":{"@type":"EntryPoint","urlTemplate":"https:\/\/www.powerscreen-wa.com\/es\/?s={search_term_string}"},"query-input":{"@type":"PropertyValueSpecification","valueRequired":true,"valueName":"search_term_string"}}],"inLanguage":"es"},{"@type":"Organization","@id":"https:\/\/www.powerscreen-wa.com\/es\/#organization","name":"Powerscreen of Washington","url":"https:\/\/www.powerscreen-wa.com\/es\/","logo":{"@type":"ImageObject","inLanguage":"es","@id":"https:\/\/www.powerscreen-wa.com\/es\/#\/schema\/logo\/image\/","url":"https:\/\/www.powerscreen-wa.com\/wp-content\/uploads\/2023\/08\/Powerscreen-of-Washington-logo.svg","contentUrl":"https:\/\/www.powerscreen-wa.com\/wp-content\/uploads\/2023\/08\/Powerscreen-of-Washington-logo.svg","width":1047,"height":571,"caption":"Powerscreen of Washington"},"image":{"@id":"https:\/\/www.powerscreen-wa.com\/es\/#\/schema\/logo\/image\/"}}]}},"_links":{"self":[{"href":"https:\/\/www.powerscreen-wa.com\/es\/wp-json\/wp\/v2\/pages\/63529","targetHints":{"allow":["GET"]}}],"collection":[{"href":"https:\/\/www.powerscreen-wa.com\/es\/wp-json\/wp\/v2\/pages"}],"about":[{"href":"https:\/\/www.powerscreen-wa.com\/es\/wp-json\/wp\/v2\/types\/page"}],"author":[{"embeddable":true,"href":"https:\/\/www.powerscreen-wa.com\/es\/wp-json\/wp\/v2\/users\/6"}],"replies":[{"embeddable":true,"href":"https:\/\/www.powerscreen-wa.com\/es\/wp-json\/wp\/v2\/comments?post=63529"}],"version-history":[{"count":1,"href":"https:\/\/www.powerscreen-wa.com\/es\/wp-json\/wp\/v2\/pages\/63529\/revisions"}],"predecessor-version":[{"id":63532,"href":"https:\/\/www.powerscreen-wa.com\/es\/wp-json\/wp\/v2\/pages\/63529\/revisions\/63532"}],"up":[{"embeddable":true,"href":"https:\/\/www.powerscreen-wa.com\/es\/wp-json\/wp\/v2\/pages\/63502"}],"wp:attachment":[{"href":"https:\/\/www.powerscreen-wa.com\/es\/wp-json\/wp\/v2\/media?parent=63529"}],"curies":[{"name":"wp","href":"https:\/\/api.w.org\/{rel}","templated":true}]}}