{"id":63516,"date":"2023-02-06T16:10:33","date_gmt":"2023-02-07T00:10:33","guid":{"rendered":"https:\/\/www.powerscreen-wa.com\/categorias\/trituradoras-de-impacto-compactas\/"},"modified":"2024-10-17T03:23:03","modified_gmt":"2024-10-17T10:23:03","slug":"trituradoras-de-impacto-compactas","status":"publish","type":"page","link":"https:\/\/www.powerscreen-wa.com\/es\/categorias\/trituradoras-de-impacto-compactas\/","title":{"rendered":"Trituradoras de impacto compactas"},"content":{"rendered":"\n\n<div class=\"container\">\n\n    <div class=\"block-header-container\">\n\n                    <h2 class=\"block-header text-center \">Aplastar con confianza<\/h2>\n                            <div class=\"written block-text lg:text-lg\">Las trituradoras de impacto compactas cambian las reglas del juego en el mundo de la trituraci\u00f3n.\nEstas potentes m\u00e1quinas son muy potentes en un tama\u00f1o reducido, lo que las hace muy vers\u00e1tiles y eficientes.\nGracias a su capacidad para triturar una amplia gama de materiales, desde hormig\u00f3n y asfalto hasta roca natural, las trituradoras de impacto compactas ofrecen resultados de trituraci\u00f3n precisos y de alta calidad.  <\/div>\n        \n\n    <\/div>\n\n<pre><\/pre>\n    \n<form class=\"sort-wrapper container\" name=\"ps-sortform\" action=\"#\" method=\"get\">\n        <div class=\"filters\">\n                            <select class=\"dynamic-sort\" name=\"brand filter-select\" id=\"brand\">\n                     <option value=\"default\" disabled selected>Marca<\/option>\n                   <option value=\"evoquip\">EVOQUIP<\/option>                <\/select>\n            \n            \n                <select class=\"dynamic-sort\" name=\"category filter-select\" id=\"category\">\n\n                    <option value=\"default\" disabled selected>Categor\u00eda<\/option>\n                                                                        <option value=\"trituradoras-de-impacto-compactas\">Trituradoras de impacto compactas<\/option>\n                                                            <\/select>\n\n            \n                    <\/div>\n\n                \n        <p class=\"product-count flex items-center\">3 Productos<\/p>\n        \n        <div class=\"sort-by\">\n            <select class=\"dynamic-sort\" name=\"sortby\" id=\"sorter\">\n                                                                                        <option value=\"default\" disabled selected>Ordenar por<\/option>\n                                                                                                                                    <option value=\"machine-weight\">Peso de la m\u00e1quina<\/option>\n                                                                                                                                    <option value=\"title-asc\">Nombre (A-Z)<\/option>\n                                                                                                                                    <option value=\"title-desc\">Nombre (Z-A)<\/option>\n                                                                        <\/select>\n        <\/div>\n                <input type=\"hidden\" name=\"sorter\" value=\"submit\">\n    <\/form>\n<div class=\"container ranges-single\">\n\n    \n            <div class=\"product-card\">\n                <div class=\"product-card-inner\">\n                                        <div class=\"pc-image\" style=\"background-image:url(https:\/\/www.powerscreen-wa.com\/wp-content\/uploads\/2023\/02\/product-images_0000s_0009_Bison-160-Render-1.png)\"><\/div>\n                    <h3>Bisonte 160<\/h3>\n                    <div class=\"pc-tag_wrapper\">\n                        <div class=\"pc-tag\">Trituradoras de impacto compactas<\/div>                    <\/div>\n                    <div class=\"pc-shortdesc\">\n                        La trituradora de mand\u00edbulas de gancho elevador EvoQuip Bison 160 Hybrid representa un nuevo hito&#8230;                    <\/div>\n                <\/div>\n                <div class=\"product-card-links\">\n                    <a href=\"https:\/\/www.powerscreen-wa.com\/es\/powerscreenproduct\/bisonte-160\/\" class=\"text-black underline uppercase font-quicksand hover:text-teal\">\n                        Ver detalles del modelo                    <\/a>\n                                            <a class=\"pc-button pc-button-primary\" href=\"\/wp-content\/uploads\/2023\/02\/Bison-160-Brochure-2020.pdf\" download=\"brochure\">\n                            Descargar folleto                        <\/a>\n                                        <button class=\"pc-button pc-button-secondary\">\n                        <div onclick=\"quotepopup('Bisonte 160')\">\n                            Solicitar presupuesto                        <\/div>\n                    <\/button>\n                <\/div>\n            <\/div>\n    \n            <div class=\"product-card\">\n                <div class=\"product-card-inner\">\n                                        <div class=\"pc-image\" style=\"background-image:url(https:\/\/www.powerscreen-wa.com\/wp-content\/uploads\/2023\/02\/product-images_0000s_0006_Cobra-230R-2.png)\"><\/div>\n                    <h3>Cobra 230<\/h3>\n                    <div class=\"pc-tag_wrapper\">\n                        <div class=\"pc-tag\">Trituradoras de impacto compactas<\/div>                    <\/div>\n                    <div class=\"pc-shortdesc\">\n                        No importa en qu\u00e9 l\u00ednea de trabajo se encuentre, ya sea Construcci\u00f3n y Demolici\u00f3n, Reciclaje de&#8230;                    <\/div>\n                <\/div>\n                <div class=\"product-card-links\">\n                    <a href=\"https:\/\/www.powerscreen-wa.com\/es\/powerscreenproduct\/cobra-230\/\" class=\"text-black underline uppercase font-quicksand hover:text-teal\">\n                        Ver detalles del modelo                    <\/a>\n                                            <a class=\"pc-button pc-button-primary\" href=\"\/wp-content\/uploads\/2023\/02\/Cobra-230-Brochure.pdf\" download=\"brochure\">\n                            Descargar folleto                        <\/a>\n                                        <button class=\"pc-button pc-button-secondary\">\n                        <div onclick=\"quotepopup('Cobra 230')\">\n                            Solicitar presupuesto                        <\/div>\n                    <\/button>\n                <\/div>\n            <\/div>\n    \n            <div class=\"product-card\">\n                <div class=\"product-card-inner\">\n                                        <div class=\"pc-image\" style=\"background-image:url(https:\/\/www.powerscreen-wa.com\/wp-content\/uploads\/2023\/02\/product-images_0000s_0005_Cobra-290R-1.png)\"><\/div>\n                    <h3>Cobra 290<\/h3>\n                    <div class=\"pc-tag_wrapper\">\n                        <div class=\"pc-tag\">Trituradoras de impacto compactas<\/div>                    <\/div>\n                    <div class=\"pc-shortdesc\">\n                        La trituradora de impacto sobre orugas Cobra 290 es una m\u00e1quina que proporciona una productividad&#8230;                    <\/div>\n                <\/div>\n                <div class=\"product-card-links\">\n                    <a href=\"https:\/\/www.powerscreen-wa.com\/es\/powerscreenproduct\/cobra-290\/\" class=\"text-black underline uppercase font-quicksand hover:text-teal\">\n                        Ver detalles del modelo                    <\/a>\n                                            <a class=\"pc-button pc-button-primary\" href=\"\/wp-content\/uploads\/2023\/02\/cobra-290_290r-brochure_web.pdf\" download=\"brochure\">\n                            Descargar folleto                        <\/a>\n                                        <button class=\"pc-button pc-button-secondary\">\n                        <div onclick=\"quotepopup('Cobra 290')\">\n                            Solicitar presupuesto                        <\/div>\n                    <\/button>\n                <\/div>\n            <\/div>\n    <\/div>\n\n    \n<style>\n    .pagination {\n    display: flex;\n    flex-direction: row;\n    align-items: center;\n    justify-content: center;\n    margin-bottom: 45px;\n}\n\n.page-numbers {\n    padding: 5px;\n    margin: 0 5px;\n    width: 30px;\n    background: red;\n    height: 30px;\n    display: flex;\n    justify-content: center;\n    align-items: center;\n    border: 2px solid red;\n    border-radius: 5px;\n    color: white;\n}\n\n.page-numbers.current {\n    background-color: transparent;\n    color: black;\n}\n<\/style><\/div>\n<section id=\"two-col-block_3d326c077d4d5e0ce23f2df0ddf397ff\" class=\"two-col-block py-0 ccolumn-bg bg-primary\">\n    \n    <div class=\"two-col-container                                  \">\n        <div class=\"grid grid-cols-1 mb-5 lg:grid-cols-2 lg:mb-0\" style=\"background-color:                                                                                           transparent;\">\n            \n                <div class=\"two-col-column-1                                             two-col-order-1\">\n                                            <img decoding=\"async\" class=\"two-col-image\" src=\"https:\/\/www.powerscreen-wa.com\/wp-content\/uploads\/2023\/10\/Trakpactor-320SR2-scaled.jpg\" alt=\"\"\/>\n                    \n\n\n                   \n\n\n                   \n\n\n                <\/div>\n\n\n\n                <div class=\"two-col-column-2                                             two-col-order-2\">\n                    <div class=\"two-col-padding-right\" style=\"padding-top:15px;padding-bottom:15px;\">\n\n                                                    <h2 class=\"two-col-headingtext-white\">Trituraci\u00f3n redefinida: Libera la potencia de las trituradoras de impacto compactas<\/h2>\n                        \n                        \n                                                            <div class=\"two-col-text writtentext-grey-400\"><p>Estas centrales compactas pueden ser peque\u00f1as en tama\u00f1o, pero son grandes en rendimiento.<br \/>\nSu impresionante capacidad de trituraci\u00f3n permite procesar una gran variedad de materiales con facilidad.<br \/>\nTanto si trabajas en el sector de la construcci\u00f3n o el reciclaje como si te dedicas a la explotaci\u00f3n de canteras, las trituradoras de impacto compactas te ayudar\u00e1n a conseguir resultados de trituraci\u00f3n precisos.<br \/>\n\u00a1Di adi\u00f3s a las limitaciones y saluda al futuro de la trituraci\u00f3n con estas incre\u00edbles m\u00e1quinas! <\/p>\n<\/div>\n                            \n                                                                                                <a class=\"button-primary button-col-primary\" href=\"https:\/\/www.powerscreen-wa.com\/categories\/compact-impact-crushers\/\">M\u00e1s informaci\u00f3n<\/a>\n                                                            \n                                            <\/div>\n                <\/div>\n\n\n                    <\/div>\n    <\/div>\n<\/section>\n<section id=\"two-col-block_0145d61e696093914554bd4ff909dd1f\" class=\"two-col-block py-12 lg:py-24 ccolumn-bg bg-transparent\">\n    \n    <div class=\"two-col-container                                  container\">\n        <div class=\"grid grid-cols-1 mb-5 lg:grid-cols-2 lg:mb-0\" style=\"background-color:                                                                                           transparent;\">\n            \n                <div class=\"two-col-column-1                                             two-col-order-2\">\n                                            <img decoding=\"async\" class=\"two-col-image\" src=\"https:\/\/www.powerscreen-wa.com\/wp-content\/uploads\/2023\/02\/potta-removebg-preview.png\" alt=\"\"\/>\n                    \n\n\n                   \n\n\n                   \n\n\n                <\/div>\n\n\n\n                <div class=\"two-col-column-2                                             two-col-order-1\">\n                    <div class=\"two-col-padding-left\" style=\"padding-top:15px;padding-bottom:15px;\">\n\n                                                    <h2 class=\"two-col-headingtext-primary\">Comprometidos con la soluci\u00f3n adecuada<\/h2>\n                        \n                        \n                                                            <div class=\"two-col-text writtentext-grey\"><p>Nuestro equipo de expertos del sector tiene a\u00f1os de experiencia y un conocimiento de la amplia gama de opciones de maquinaria.<br \/>\nEsto significa que podemos trabajar contigo para comprender tus objetivos y aconsejarte la mejor soluci\u00f3n que se ajuste a tu presupuesto, al tiempo que logras tus metas. <\/p>\n<\/div>\n                            \n                                                                                                <a class=\"button-primary button-col-primary\" href=\"https:\/\/www.powerscreen-wa.com\/contact\/\">Contacte con nosotros<\/a>\n                                                            \n                                            <\/div>\n                <\/div>\n\n\n                    <\/div>\n    <\/div>\n<\/section>","protected":false},"excerpt":{"rendered":"","protected":false},"author":6,"featured_media":0,"parent":63502,"menu_order":0,"comment_status":"closed","ping_status":"closed","template":"","meta":{"_acf_changed":false,"footnotes":""},"class_list":["post-63516","page","type-page","status-publish","hentry"],"acf":[],"yoast_head":"<!-- This site is optimized with the Yoast SEO plugin v27.4 - https:\/\/yoast.com\/product\/yoast-seo-wordpress\/ -->\n<title>Trituradoras de impacto compactas - Powerscreen of Washington<\/title>\n<meta name=\"description\" content=\"We are a leading independent new &amp; used industrial equipment dealer. Learn more about Trituradoras de impacto compactas here.\" \/>\n<meta name=\"robots\" content=\"index, follow, max-snippet:-1, max-image-preview:large, max-video-preview:-1\" \/>\n<link rel=\"canonical\" href=\"https:\/\/www.powerscreen-wa.com\/es\/categorias\/trituradoras-de-impacto-compactas\/\" \/>\n<meta property=\"og:locale\" content=\"es_ES\" \/>\n<meta property=\"og:type\" content=\"article\" \/>\n<meta property=\"og:title\" content=\"Trituradoras de impacto compactas - Powerscreen of Washington\" \/>\n<meta property=\"og:description\" content=\"We are a leading independent new &amp; used industrial equipment dealer. Learn more about Trituradoras de impacto compactas here.\" \/>\n<meta property=\"og:url\" content=\"https:\/\/www.powerscreen-wa.com\/es\/categorias\/trituradoras-de-impacto-compactas\/\" \/>\n<meta property=\"og:site_name\" content=\"Powerscreen of Washington\" \/>\n<meta property=\"article:modified_time\" content=\"2024-10-17T10:23:03+00:00\" \/>\n<meta name=\"twitter:card\" content=\"summary_large_image\" \/>\n<script type=\"application\/ld+json\" class=\"yoast-schema-graph\">{\"@context\":\"https:\\\/\\\/schema.org\",\"@graph\":[{\"@type\":\"WebPage\",\"@id\":\"https:\\\/\\\/www.powerscreen-wa.com\\\/es\\\/categorias\\\/trituradoras-de-impacto-compactas\\\/\",\"url\":\"https:\\\/\\\/www.powerscreen-wa.com\\\/es\\\/categorias\\\/trituradoras-de-impacto-compactas\\\/\",\"name\":\"Trituradoras de impacto compactas - Powerscreen of Washington\",\"isPartOf\":{\"@id\":\"https:\\\/\\\/www.powerscreen-wa.com\\\/es\\\/#website\"},\"datePublished\":\"2023-02-07T00:10:33+00:00\",\"dateModified\":\"2024-10-17T10:23:03+00:00\",\"description\":\"We are a leading independent new &amp; used industrial equipment dealer. Learn more about Trituradoras de impacto compactas here.\",\"breadcrumb\":{\"@id\":\"https:\\\/\\\/www.powerscreen-wa.com\\\/es\\\/categorias\\\/trituradoras-de-impacto-compactas\\\/#breadcrumb\"},\"inLanguage\":\"es\",\"potentialAction\":[{\"@type\":\"ReadAction\",\"target\":[\"https:\\\/\\\/www.powerscreen-wa.com\\\/es\\\/categorias\\\/trituradoras-de-impacto-compactas\\\/\"]}]},{\"@type\":\"BreadcrumbList\",\"@id\":\"https:\\\/\\\/www.powerscreen-wa.com\\\/es\\\/categorias\\\/trituradoras-de-impacto-compactas\\\/#breadcrumb\",\"itemListElement\":[{\"@type\":\"ListItem\",\"position\":1,\"name\":\"Inicio\",\"item\":\"https:\\\/\\\/www.powerscreen-wa.com\\\/es\\\/\"},{\"@type\":\"ListItem\",\"position\":2,\"name\":\"Categor\u00edas\",\"item\":\"https:\\\/\\\/www.powerscreen-wa.com\\\/es\\\/categorias\\\/\"},{\"@type\":\"ListItem\",\"position\":3,\"name\":\"Trituradoras de impacto compactas\"}]},{\"@type\":\"WebSite\",\"@id\":\"https:\\\/\\\/www.powerscreen-wa.com\\\/es\\\/#website\",\"url\":\"https:\\\/\\\/www.powerscreen-wa.com\\\/es\\\/\",\"name\":\"Powerscreen of Washington\",\"description\":\"The West Coast\u2019s Leading Independent Dealer For Materials Processing Equipment\",\"publisher\":{\"@id\":\"https:\\\/\\\/www.powerscreen-wa.com\\\/es\\\/#organization\"},\"potentialAction\":[{\"@type\":\"SearchAction\",\"target\":{\"@type\":\"EntryPoint\",\"urlTemplate\":\"https:\\\/\\\/www.powerscreen-wa.com\\\/es\\\/?s={search_term_string}\"},\"query-input\":{\"@type\":\"PropertyValueSpecification\",\"valueRequired\":true,\"valueName\":\"search_term_string\"}}],\"inLanguage\":\"es\"},{\"@type\":\"Organization\",\"@id\":\"https:\\\/\\\/www.powerscreen-wa.com\\\/es\\\/#organization\",\"name\":\"Powerscreen of Washington\",\"url\":\"https:\\\/\\\/www.powerscreen-wa.com\\\/es\\\/\",\"logo\":{\"@type\":\"ImageObject\",\"inLanguage\":\"es\",\"@id\":\"https:\\\/\\\/www.powerscreen-wa.com\\\/es\\\/#\\\/schema\\\/logo\\\/image\\\/\",\"url\":\"https:\\\/\\\/www.powerscreen-wa.com\\\/wp-content\\\/uploads\\\/2023\\\/08\\\/Powerscreen-of-Washington-logo.svg\",\"contentUrl\":\"https:\\\/\\\/www.powerscreen-wa.com\\\/wp-content\\\/uploads\\\/2023\\\/08\\\/Powerscreen-of-Washington-logo.svg\",\"width\":1047,\"height\":571,\"caption\":\"Powerscreen of Washington\"},\"image\":{\"@id\":\"https:\\\/\\\/www.powerscreen-wa.com\\\/es\\\/#\\\/schema\\\/logo\\\/image\\\/\"}}]}<\/script>\n<!-- \/ Yoast SEO plugin. -->","yoast_head_json":{"title":"Trituradoras de impacto compactas - Powerscreen of Washington","description":"We are a leading independent new &amp; used industrial equipment dealer. Learn more about Trituradoras de impacto compactas here.","robots":{"index":"index","follow":"follow","max-snippet":"max-snippet:-1","max-image-preview":"max-image-preview:large","max-video-preview":"max-video-preview:-1"},"canonical":"https:\/\/www.powerscreen-wa.com\/es\/categorias\/trituradoras-de-impacto-compactas\/","og_locale":"es_ES","og_type":"article","og_title":"Trituradoras de impacto compactas - Powerscreen of Washington","og_description":"We are a leading independent new &amp; used industrial equipment dealer. Learn more about Trituradoras de impacto compactas here.","og_url":"https:\/\/www.powerscreen-wa.com\/es\/categorias\/trituradoras-de-impacto-compactas\/","og_site_name":"Powerscreen of Washington","article_modified_time":"2024-10-17T10:23:03+00:00","twitter_card":"summary_large_image","schema":{"@context":"https:\/\/schema.org","@graph":[{"@type":"WebPage","@id":"https:\/\/www.powerscreen-wa.com\/es\/categorias\/trituradoras-de-impacto-compactas\/","url":"https:\/\/www.powerscreen-wa.com\/es\/categorias\/trituradoras-de-impacto-compactas\/","name":"Trituradoras de impacto compactas - Powerscreen of Washington","isPartOf":{"@id":"https:\/\/www.powerscreen-wa.com\/es\/#website"},"datePublished":"2023-02-07T00:10:33+00:00","dateModified":"2024-10-17T10:23:03+00:00","description":"We are a leading independent new &amp; used industrial equipment dealer. Learn more about Trituradoras de impacto compactas here.","breadcrumb":{"@id":"https:\/\/www.powerscreen-wa.com\/es\/categorias\/trituradoras-de-impacto-compactas\/#breadcrumb"},"inLanguage":"es","potentialAction":[{"@type":"ReadAction","target":["https:\/\/www.powerscreen-wa.com\/es\/categorias\/trituradoras-de-impacto-compactas\/"]}]},{"@type":"BreadcrumbList","@id":"https:\/\/www.powerscreen-wa.com\/es\/categorias\/trituradoras-de-impacto-compactas\/#breadcrumb","itemListElement":[{"@type":"ListItem","position":1,"name":"Inicio","item":"https:\/\/www.powerscreen-wa.com\/es\/"},{"@type":"ListItem","position":2,"name":"Categor\u00edas","item":"https:\/\/www.powerscreen-wa.com\/es\/categorias\/"},{"@type":"ListItem","position":3,"name":"Trituradoras de impacto compactas"}]},{"@type":"WebSite","@id":"https:\/\/www.powerscreen-wa.com\/es\/#website","url":"https:\/\/www.powerscreen-wa.com\/es\/","name":"Powerscreen of Washington","description":"The West Coast\u2019s Leading Independent Dealer For Materials Processing Equipment","publisher":{"@id":"https:\/\/www.powerscreen-wa.com\/es\/#organization"},"potentialAction":[{"@type":"SearchAction","target":{"@type":"EntryPoint","urlTemplate":"https:\/\/www.powerscreen-wa.com\/es\/?s={search_term_string}"},"query-input":{"@type":"PropertyValueSpecification","valueRequired":true,"valueName":"search_term_string"}}],"inLanguage":"es"},{"@type":"Organization","@id":"https:\/\/www.powerscreen-wa.com\/es\/#organization","name":"Powerscreen of Washington","url":"https:\/\/www.powerscreen-wa.com\/es\/","logo":{"@type":"ImageObject","inLanguage":"es","@id":"https:\/\/www.powerscreen-wa.com\/es\/#\/schema\/logo\/image\/","url":"https:\/\/www.powerscreen-wa.com\/wp-content\/uploads\/2023\/08\/Powerscreen-of-Washington-logo.svg","contentUrl":"https:\/\/www.powerscreen-wa.com\/wp-content\/uploads\/2023\/08\/Powerscreen-of-Washington-logo.svg","width":1047,"height":571,"caption":"Powerscreen of Washington"},"image":{"@id":"https:\/\/www.powerscreen-wa.com\/es\/#\/schema\/logo\/image\/"}}]}},"_links":{"self":[{"href":"https:\/\/www.powerscreen-wa.com\/es\/wp-json\/wp\/v2\/pages\/63516","targetHints":{"allow":["GET"]}}],"collection":[{"href":"https:\/\/www.powerscreen-wa.com\/es\/wp-json\/wp\/v2\/pages"}],"about":[{"href":"https:\/\/www.powerscreen-wa.com\/es\/wp-json\/wp\/v2\/types\/page"}],"author":[{"embeddable":true,"href":"https:\/\/www.powerscreen-wa.com\/es\/wp-json\/wp\/v2\/users\/6"}],"replies":[{"embeddable":true,"href":"https:\/\/www.powerscreen-wa.com\/es\/wp-json\/wp\/v2\/comments?post=63516"}],"version-history":[{"count":1,"href":"https:\/\/www.powerscreen-wa.com\/es\/wp-json\/wp\/v2\/pages\/63516\/revisions"}],"predecessor-version":[{"id":63525,"href":"https:\/\/www.powerscreen-wa.com\/es\/wp-json\/wp\/v2\/pages\/63516\/revisions\/63525"}],"up":[{"embeddable":true,"href":"https:\/\/www.powerscreen-wa.com\/es\/wp-json\/wp\/v2\/pages\/63502"}],"wp:attachment":[{"href":"https:\/\/www.powerscreen-wa.com\/es\/wp-json\/wp\/v2\/media?parent=63516"}],"curies":[{"name":"wp","href":"https:\/\/api.w.org\/{rel}","templated":true}]}}