{"id":63432,"date":"2024-04-09T05:02:50","date_gmt":"2024-04-09T12:02:50","guid":{"rendered":"https:\/\/www.powerscreen-wa.com\/trituradora-compacta\/"},"modified":"2024-10-22T07:31:01","modified_gmt":"2024-10-22T14:31:01","slug":"trituradora-compacta","status":"publish","type":"page","link":"https:\/\/www.powerscreen-wa.com\/es\/alquiler\/trituradora-compacta\/","title":{"rendered":"Trituradora compacta"},"content":{"rendered":"\n\n<div class=\"container\">\n\n    <div class=\"block-header-container\">\n\n                    <h2 class=\"block-header text-center \">Trituradora compacta de alquiler<\/h2>\n                            <div class=\"written block-text lg:text-lg\">Powerscreen of Washington est\u00e1 especializada en proporcionar trituradoras compactas que son eficaces y f\u00e1ciles de transportar.\nEstas m\u00e1quinas est\u00e1n dise\u00f1adas para ahorrar espacio sin dejar de ofrecer el mismo rendimiento de alta calidad que las trituradoras m\u00e1s grandes.\nYa sea con fines de reciclaje o de construcci\u00f3n, estas trituradoras compactas son perfectas para triturar diversos materiales, como hormig\u00f3n, asfalto y roca.\nGracias a su tama\u00f1o compacto, pueden maniobrarse f\u00e1cilmente en espacios reducidos y pueden montarse y estar listas para usar en un abrir y cerrar de ojos.\nLas trituradoras compactas de Powerscreen of Washington son la soluci\u00f3n ideal para cualquier trabajo que requiera una potente capacidad de trituraci\u00f3n en un paquete peque\u00f1o.    <\/div>\n        \n\n    <\/div>\n\n<pre><\/pre>\n    \n<form class=\"sort-wrapper container\" name=\"ps-sortform\" action=\"#\" method=\"get\">\n        <div class=\"filters\">\n                            <select class=\"dynamic-sort\" name=\"brand filter-select\" id=\"brand\">\n                     <option value=\"default\" disabled selected>Marca<\/option>\n                                   <\/select>\n            \n            \n                <select class=\"dynamic-sort\" name=\"category filter-select\" id=\"category\">\n\n                    <option value=\"default\" disabled selected>Categor\u00eda<\/option>\n                                    <\/select>\n\n            \n                    <\/div>\n\n                \n        <p class=\"product-count flex items-center\">0 Productos<\/p>\n        \n        <div class=\"sort-by\">\n            <select class=\"dynamic-sort\" name=\"sortby\" id=\"sorter\">\n                                                                                        <option value=\"default\" disabled selected>Ordenar por<\/option>\n                                                                                                                                    <option value=\"machine-weight\">Peso de la m\u00e1quina<\/option>\n                                                                                                                                    <option value=\"title-asc\">Nombre (A-Z)<\/option>\n                                                                                                                                    <option value=\"title-desc\">Nombre (Z-A)<\/option>\n                                                                        <\/select>\n        <\/div>\n                <input type=\"hidden\" name=\"sorter\" value=\"submit\">\n    <\/form>\n<div class=\"container ranges-single\">\n\n    No se han encontrado productos<\/div>\n\n    \n<style>\n    .pagination {\n    display: flex;\n    flex-direction: row;\n    align-items: center;\n    justify-content: center;\n    margin-bottom: 45px;\n}\n\n.page-numbers {\n    padding: 5px;\n    margin: 0 5px;\n    width: 30px;\n    background: red;\n    height: 30px;\n    display: flex;\n    justify-content: center;\n    align-items: center;\n    border: 2px solid red;\n    border-radius: 5px;\n    color: white;\n}\n\n.page-numbers.current {\n    background-color: transparent;\n    color: black;\n}\n<\/style><\/div>\n\n\n<div style=\"height:50px\" aria-hidden=\"true\" class=\"wp-block-spacer\"><\/div>\n\n\n\n<section id=\"two-col-block_3816efbae32df29063e6d96bc2637c63\" class=\"two-col-block py-0 bg-transparent\">\n    \n<div class=\"block-header-container\">\n            <h1 class=\"block-header text-center \">c\u00f3mo podemos ayudarle<\/h1>\n    \n                    <div class=\"written block-text lg:text-lg\">Disponemos de una amplia gama de opciones de equipamiento y servicios de asistencia para ayudar a nuestros clientes a alcanzar sus objetivos de producci\u00f3n de la forma m\u00e1s eficaz y rentable.<\/div>\n    \n    <\/div>\n    <div class=\"two-col-container                                  container\">\n        <div class=\"grid grid-cols-1 mb-5 lg:grid-cols-2 lg:mb-0\" style=\"background-color:                                                                                           transparent;\">\n                    \n    <div class=\"custom-call-to-action-outer \" style=\"\">\n    \n        <div class=\"custom-call-to-action\" >\n                            <h3 class=\"cta-heading\">Equipos usados<\/h3>\n                            <p class=\"cta-text\">Si no desea adquirir una m\u00e1quina nueva, nuestro equipo de expertos en equipos usados dispone de una gama de opciones de maquinaria usada que puede considerar.<\/p>\n            \n\n                        \n\n                                                                                            <a class=\"cta-button\" href=\"https:\/\/www.powerscreen-wa.com\/es\/usado\/\">Ver Stock Usado<\/a>\n                                                             \n\n\n\n        <\/div>\n\n    <\/div>\n        \n    <div class=\"custom-call-to-action-outer has-background-image\" style=\"background-image: url(https:\/\/www.powerscreen-wa.com\/wp-content\/uploads\/2023\/02\/Aftercare-2-600x402.png)\">\n    \n        <div class=\"custom-call-to-action\" >\n                            <h3 class=\"cta-heading\">Piezas y servicio<\/h3>\n                            <p class=\"cta-text\">El tiempo de actividad es fundamental, independientemente del tipo de equipo que utilices.\r\nSomos conscientes de ello y combinamos capacidades de servicio eficaces y piezas originales para que sigas produciendo. <\/p>\n            \n\n                        \n\n                                                                                            <a class=\"cta-button\" href=\"https:\/\/www.powerscreen-wa.com\/es\/cuidado-posterior\/\">M\u00e1s informaci\u00f3n<\/a>\n                                                             \n\n\n\n        <\/div>\n\n    <\/div>\n        <\/div>\n    <\/div>\n<\/section>\n\n\n<div style=\"height:100px\" aria-hidden=\"true\" class=\"wp-block-spacer\"><\/div>\n","protected":false},"excerpt":{"rendered":"","protected":false},"author":7,"featured_media":0,"parent":63670,"menu_order":0,"comment_status":"closed","ping_status":"closed","template":"","meta":{"_acf_changed":false,"footnotes":""},"class_list":["post-63432","page","type-page","status-publish","hentry"],"acf":[],"yoast_head":"<!-- This site is optimized with the Yoast SEO plugin v27.3 - https:\/\/yoast.com\/product\/yoast-seo-wordpress\/ -->\n<title>Alquiler Trituradora compacta - Powerscreen of Washington<\/title>\n<meta name=\"description\" content=\"Somos un distribuidor independiente l\u00edder de equipos industriales nuevos y usados. M\u00e1s informaci\u00f3n sobre alquiler Trituradora compacta aqu\u00ed.\" \/>\n<meta name=\"robots\" content=\"index, follow, max-snippet:-1, max-image-preview:large, max-video-preview:-1\" \/>\n<link rel=\"canonical\" href=\"https:\/\/www.powerscreen-wa.com\/es\/alquiler\/trituradora-compacta\/\" \/>\n<meta property=\"og:locale\" content=\"es_ES\" \/>\n<meta property=\"og:type\" content=\"article\" \/>\n<meta property=\"og:title\" content=\"Alquiler Trituradora compacta - Powerscreen of Washington\" \/>\n<meta property=\"og:description\" content=\"Somos un distribuidor independiente l\u00edder de equipos industriales nuevos y usados. M\u00e1s informaci\u00f3n sobre alquiler Trituradora compacta aqu\u00ed.\" \/>\n<meta property=\"og:url\" content=\"https:\/\/www.powerscreen-wa.com\/es\/alquiler\/trituradora-compacta\/\" \/>\n<meta property=\"og:site_name\" content=\"Powerscreen of Washington\" \/>\n<meta property=\"article:modified_time\" content=\"2024-10-22T14:31:01+00:00\" \/>\n<meta name=\"twitter:card\" content=\"summary_large_image\" \/>\n<script type=\"application\/ld+json\" class=\"yoast-schema-graph\">{\"@context\":\"https:\\\/\\\/schema.org\",\"@graph\":[{\"@type\":\"WebPage\",\"@id\":\"https:\\\/\\\/www.powerscreen-wa.com\\\/es\\\/alquiler\\\/trituradora-compacta\\\/\",\"url\":\"https:\\\/\\\/www.powerscreen-wa.com\\\/es\\\/alquiler\\\/trituradora-compacta\\\/\",\"name\":\"Alquiler Trituradora compacta - Powerscreen of Washington\",\"isPartOf\":{\"@id\":\"https:\\\/\\\/www.powerscreen-wa.com\\\/es\\\/#website\"},\"datePublished\":\"2024-04-09T12:02:50+00:00\",\"dateModified\":\"2024-10-22T14:31:01+00:00\",\"description\":\"Somos un distribuidor independiente l\u00edder de equipos industriales nuevos y usados. M\u00e1s informaci\u00f3n sobre alquiler Trituradora compacta aqu\u00ed.\",\"breadcrumb\":{\"@id\":\"https:\\\/\\\/www.powerscreen-wa.com\\\/es\\\/alquiler\\\/trituradora-compacta\\\/#breadcrumb\"},\"inLanguage\":\"es\",\"potentialAction\":[{\"@type\":\"ReadAction\",\"target\":[\"https:\\\/\\\/www.powerscreen-wa.com\\\/es\\\/alquiler\\\/trituradora-compacta\\\/\"]}]},{\"@type\":\"BreadcrumbList\",\"@id\":\"https:\\\/\\\/www.powerscreen-wa.com\\\/es\\\/alquiler\\\/trituradora-compacta\\\/#breadcrumb\",\"itemListElement\":[{\"@type\":\"ListItem\",\"position\":1,\"name\":\"Inicio\",\"item\":\"https:\\\/\\\/www.powerscreen-wa.com\\\/es\\\/\"},{\"@type\":\"ListItem\",\"position\":2,\"name\":\"Alquiler\",\"item\":\"https:\\\/\\\/www.powerscreen-wa.com\\\/es\\\/alquiler\\\/\"},{\"@type\":\"ListItem\",\"position\":3,\"name\":\"Trituradora compacta\"}]},{\"@type\":\"WebSite\",\"@id\":\"https:\\\/\\\/www.powerscreen-wa.com\\\/es\\\/#website\",\"url\":\"https:\\\/\\\/www.powerscreen-wa.com\\\/es\\\/\",\"name\":\"Powerscreen of Washington\",\"description\":\"The West Coast\u2019s Leading Independent Dealer For Materials Processing Equipment\",\"publisher\":{\"@id\":\"https:\\\/\\\/www.powerscreen-wa.com\\\/es\\\/#organization\"},\"potentialAction\":[{\"@type\":\"SearchAction\",\"target\":{\"@type\":\"EntryPoint\",\"urlTemplate\":\"https:\\\/\\\/www.powerscreen-wa.com\\\/es\\\/?s={search_term_string}\"},\"query-input\":{\"@type\":\"PropertyValueSpecification\",\"valueRequired\":true,\"valueName\":\"search_term_string\"}}],\"inLanguage\":\"es\"},{\"@type\":\"Organization\",\"@id\":\"https:\\\/\\\/www.powerscreen-wa.com\\\/es\\\/#organization\",\"name\":\"Powerscreen of Washington\",\"url\":\"https:\\\/\\\/www.powerscreen-wa.com\\\/es\\\/\",\"logo\":{\"@type\":\"ImageObject\",\"inLanguage\":\"es\",\"@id\":\"https:\\\/\\\/www.powerscreen-wa.com\\\/es\\\/#\\\/schema\\\/logo\\\/image\\\/\",\"url\":\"https:\\\/\\\/www.powerscreen-wa.com\\\/wp-content\\\/uploads\\\/2023\\\/08\\\/Powerscreen-of-Washington-logo.svg\",\"contentUrl\":\"https:\\\/\\\/www.powerscreen-wa.com\\\/wp-content\\\/uploads\\\/2023\\\/08\\\/Powerscreen-of-Washington-logo.svg\",\"width\":1047,\"height\":571,\"caption\":\"Powerscreen of Washington\"},\"image\":{\"@id\":\"https:\\\/\\\/www.powerscreen-wa.com\\\/es\\\/#\\\/schema\\\/logo\\\/image\\\/\"}}]}<\/script>\n<!-- \/ Yoast SEO plugin. -->","yoast_head_json":{"title":"Alquiler Trituradora compacta - Powerscreen of Washington","description":"Somos un distribuidor independiente l\u00edder de equipos industriales nuevos y usados. M\u00e1s informaci\u00f3n sobre alquiler Trituradora compacta aqu\u00ed.","robots":{"index":"index","follow":"follow","max-snippet":"max-snippet:-1","max-image-preview":"max-image-preview:large","max-video-preview":"max-video-preview:-1"},"canonical":"https:\/\/www.powerscreen-wa.com\/es\/alquiler\/trituradora-compacta\/","og_locale":"es_ES","og_type":"article","og_title":"Alquiler Trituradora compacta - Powerscreen of Washington","og_description":"Somos un distribuidor independiente l\u00edder de equipos industriales nuevos y usados. M\u00e1s informaci\u00f3n sobre alquiler Trituradora compacta aqu\u00ed.","og_url":"https:\/\/www.powerscreen-wa.com\/es\/alquiler\/trituradora-compacta\/","og_site_name":"Powerscreen of Washington","article_modified_time":"2024-10-22T14:31:01+00:00","twitter_card":"summary_large_image","schema":{"@context":"https:\/\/schema.org","@graph":[{"@type":"WebPage","@id":"https:\/\/www.powerscreen-wa.com\/es\/alquiler\/trituradora-compacta\/","url":"https:\/\/www.powerscreen-wa.com\/es\/alquiler\/trituradora-compacta\/","name":"Alquiler Trituradora compacta - Powerscreen of Washington","isPartOf":{"@id":"https:\/\/www.powerscreen-wa.com\/es\/#website"},"datePublished":"2024-04-09T12:02:50+00:00","dateModified":"2024-10-22T14:31:01+00:00","description":"Somos un distribuidor independiente l\u00edder de equipos industriales nuevos y usados. M\u00e1s informaci\u00f3n sobre alquiler Trituradora compacta aqu\u00ed.","breadcrumb":{"@id":"https:\/\/www.powerscreen-wa.com\/es\/alquiler\/trituradora-compacta\/#breadcrumb"},"inLanguage":"es","potentialAction":[{"@type":"ReadAction","target":["https:\/\/www.powerscreen-wa.com\/es\/alquiler\/trituradora-compacta\/"]}]},{"@type":"BreadcrumbList","@id":"https:\/\/www.powerscreen-wa.com\/es\/alquiler\/trituradora-compacta\/#breadcrumb","itemListElement":[{"@type":"ListItem","position":1,"name":"Inicio","item":"https:\/\/www.powerscreen-wa.com\/es\/"},{"@type":"ListItem","position":2,"name":"Alquiler","item":"https:\/\/www.powerscreen-wa.com\/es\/alquiler\/"},{"@type":"ListItem","position":3,"name":"Trituradora compacta"}]},{"@type":"WebSite","@id":"https:\/\/www.powerscreen-wa.com\/es\/#website","url":"https:\/\/www.powerscreen-wa.com\/es\/","name":"Powerscreen of Washington","description":"The West Coast\u2019s Leading Independent Dealer For Materials Processing Equipment","publisher":{"@id":"https:\/\/www.powerscreen-wa.com\/es\/#organization"},"potentialAction":[{"@type":"SearchAction","target":{"@type":"EntryPoint","urlTemplate":"https:\/\/www.powerscreen-wa.com\/es\/?s={search_term_string}"},"query-input":{"@type":"PropertyValueSpecification","valueRequired":true,"valueName":"search_term_string"}}],"inLanguage":"es"},{"@type":"Organization","@id":"https:\/\/www.powerscreen-wa.com\/es\/#organization","name":"Powerscreen of Washington","url":"https:\/\/www.powerscreen-wa.com\/es\/","logo":{"@type":"ImageObject","inLanguage":"es","@id":"https:\/\/www.powerscreen-wa.com\/es\/#\/schema\/logo\/image\/","url":"https:\/\/www.powerscreen-wa.com\/wp-content\/uploads\/2023\/08\/Powerscreen-of-Washington-logo.svg","contentUrl":"https:\/\/www.powerscreen-wa.com\/wp-content\/uploads\/2023\/08\/Powerscreen-of-Washington-logo.svg","width":1047,"height":571,"caption":"Powerscreen of Washington"},"image":{"@id":"https:\/\/www.powerscreen-wa.com\/es\/#\/schema\/logo\/image\/"}}]}},"_links":{"self":[{"href":"https:\/\/www.powerscreen-wa.com\/es\/wp-json\/wp\/v2\/pages\/63432","targetHints":{"allow":["GET"]}}],"collection":[{"href":"https:\/\/www.powerscreen-wa.com\/es\/wp-json\/wp\/v2\/pages"}],"about":[{"href":"https:\/\/www.powerscreen-wa.com\/es\/wp-json\/wp\/v2\/types\/page"}],"author":[{"embeddable":true,"href":"https:\/\/www.powerscreen-wa.com\/es\/wp-json\/wp\/v2\/users\/7"}],"replies":[{"embeddable":true,"href":"https:\/\/www.powerscreen-wa.com\/es\/wp-json\/wp\/v2\/comments?post=63432"}],"version-history":[{"count":2,"href":"https:\/\/www.powerscreen-wa.com\/es\/wp-json\/wp\/v2\/pages\/63432\/revisions"}],"predecessor-version":[{"id":64782,"href":"https:\/\/www.powerscreen-wa.com\/es\/wp-json\/wp\/v2\/pages\/63432\/revisions\/64782"}],"up":[{"embeddable":true,"href":"https:\/\/www.powerscreen-wa.com\/es\/wp-json\/wp\/v2\/pages\/63670"}],"wp:attachment":[{"href":"https:\/\/www.powerscreen-wa.com\/es\/wp-json\/wp\/v2\/media?parent=63432"}],"curies":[{"name":"wp","href":"https:\/\/api.w.org\/{rel}","templated":true}]}}